{"id":740,"date":"2018-01-31T15:17:10","date_gmt":"2018-01-31T14:17:10","guid":{"rendered":"http:\/\/reinox.hr\/novi\/uber-uns\/"},"modified":"2018-12-10T11:47:52","modified_gmt":"2018-12-10T10:47:52","slug":"uber-uns","status":"publish","type":"page","link":"https:\/\/reinox.hr\/de\/uber-uns\/","title":{"rendered":"\u00dcber uns"},"content":{"rendered":"<p>[et_pb_section bb_built=&#8220;1&#8243; fullwidth=&#8220;on&#8220; specialty=&#8220;off&#8220;][et_pb_fullwidth_slider show_arrows=&#8220;off&#8220; show_pagination=&#8220;off&#8220; _builder_version=&#8220;3.0.90&#8243; background_image=&#8220;https:\/\/reinox.hr\/wp-content\/uploads\/2018\/03\/home-bg.jpg&#8220; show_inner_shadow=&#8220;on&#8220; custom_button=&#8220;off&#8220; button_icon_placement=&#8220;right&#8220; show_content_on_mobile=&#8220;on&#8220; show_cta_on_mobile=&#8220;on&#8220; show_image_video_mobile=&#8220;off&#8220; background_blend=&#8220;multiply&#8220;]<\/p>\n<p>\n[et_pb_slide heading=&#8220;\u00dcber uns&#8220; button_link=&#8220;#&#8220; background_color=&#8220;#ffffff&#8220; alignment=&#8220;center&#8220; background_layout=&#8220;dark&#8220; _builder_version=&#8220;3.0.90&#8243; use_background_color_gradient=&#8220;off&#8220; background_color_gradient_start=&#8220;#2b87da&#8220; background_color_gradient_end=&#8220;#29c4a9&#8243; background_color_gradient_type=&#8220;linear&#8220; background_color_gradient_direction=&#8220;180deg&#8220; background_color_gradient_direction_radial=&#8220;center&#8220; background_color_gradient_start_position=&#8220;0%&#8220; background_color_gradient_end_position=&#8220;100%&#8220; background_color_gradient_overlays_image=&#8220;off&#8220; parallax=&#8220;off&#8220; parallax_method=&#8220;on&#8220; background_size=&#8220;cover&#8220; background_position=&#8220;center&#8220; background_repeat=&#8220;no-repeat&#8220; background_blend=&#8220;normal&#8220; allow_player_pause=&#8220;off&#8220; use_bg_overlay=&#8220;off&#8220; use_text_overlay=&#8220;off&#8220; text_border_radius=&#8220;3&#8243;]<\/p>\n<p><span><span><a href=\"https:\/\/reinox.hr\/de\/pocetna\/\">Startseite<\/a><\/span><\/span><br \/>\n[\/et_pb_slide]<\/p>\n<p>[\/et_pb_fullwidth_slider][\/et_pb_section][et_pb_section bb_built=&#8220;1&#8243; fullwidth=&#8220;off&#8220; specialty=&#8220;off&#8220; background_color=&#8220;#f7f7f7&#8243; inner_shadow=&#8220;on&#8220; parallax=&#8220;off&#8220;][et_pb_row][et_pb_column type=&#8220;4_4&#8243;][et_pb_text background_layout=&#8220;light&#8220; _builder_version=&#8220;3.0.90&#8243;]<\/p>\n<p>\u00a0<\/p>\n<h1 style=\"text-align: center;\">REINOX d.o.o.<\/h1>\n<p class=\"bodytext\"><strong>REINOX d.o.o.<\/strong> (Ges.m.b.H.) als v\u00f6llig privatisierte Firma befindet sich im n\u00f6rdlichen Teil der Republik Kroatien, unmittelbar in der N\u00e4he von Stadt \u010cakovec.<\/p>\n<p class=\"bodytext\"><strong>Wir produzieren Teile, Ausr\u00fcstung und Konstruktionen aus INOX.<\/strong><\/p>\n<p class=\"bodytext\"><strong>Einige von unseren hochspezialisierten Produkte sind:<\/strong><\/p>\n<ul>\n<li>INOX-Ausr\u00fcstung f\u00fcr Nahrungsmittel- und Prozessindustrie;<\/li>\n<li>INOX-Interieure und \u2013Exterieure;<\/li>\n<li>INOX-M\u00f6bel und \u2013Ausr\u00fcstung f\u00fcr Krankenh\u00e4user, Labors und K\u00fcchen;<\/li>\n<li>INOX-Ausr\u00fcstung f\u00fcr Motor- und Segelboote;<\/li>\n<li>INOX-Sports Swimming Pools und Home Swimming Pools mit Ausr\u00fcstung;<\/li>\n<li>Laserschnittleistungen;<\/li>\n<li>Konstruieren, Projektieren, Schwei\u00dfen, Biegen und sonstige<\/li>\n<li>Produktionsleistungen.<\/li>\n<\/ul>\n<p class=\"bodytext\"><strong>Hohe Qualit\u00e4t<\/strong>, langj\u00e4hrige Tradition und Erfahrung in der Bearbeitung und Verarbeitung von Edelstahlmaterialien f\u00fchrten zum gr\u00f6\u00dften Teil zum Export der Produkte der Firma REINOX d.o.o. auf dem anspruchsvollen EU-Markt.<\/p>\n<p class=\"bodytext\">Unser Fachteam von Managers und Technikern, erlernte Arbeitskr\u00e4fte, moderne Technologie, Erfahrung in der Verarbeitung von INOX-Materialien, Qualit\u00e4t und Anhaltung an Terminen sind nur einige von den Vorbedingungen, die Sie bestimmt in Zusammenarbeit mit uns befriedigen werden.<\/p>\n<p class=\"align-right\"><strong>Gr\u00fc\u00dfe aus REINOX!<\/strong><\/p>\n<p class=\"bodytext\"><strong>Vorstand:<\/strong><\/p>\n<p>Dipl.-Ing. Miroslav Vlah<br \/>Dipl.-Ing. Vladimir Horvat<br \/>Zlatko Premu\u0161<\/p>\n<p>[\/et_pb_text][\/et_pb_column][\/et_pb_row][\/et_pb_section][et_pb_section bb_built=&#8220;1&#8243; fullwidth=&#8220;off&#8220; specialty=&#8220;off&#8220;][et_pb_row][et_pb_column type=&#8220;1_3&#8243;][et_pb_team_member admin_label=&#8220;Proizvodi&#8220; name=&#8220;Sortiment&#8220; position=&#8220;PRODUKTE&#8220; image_url=&#8220;https:\/\/reinox.hr\/wp-content\/uploads\/2018\/12\/reinox-proizvodi.jpg&#8220; animation=&#8220;fade_in&#8220; background_layout=&#8220;light&#8220; _builder_version=&#8220;3.0.90&#8243;]<\/p>\n<p>Das Produktionsprogramm der Firma kann in einige grundlegende Gruppen aufgeteilt werden.<\/p>\n<p>[\/et_pb_team_member][et_pb_button _builder_version=&#8220;3.0.90&#8243; button_text=&#8220;Mehr&#8220; url_new_window=&#8220;off&#8220; button_alignment=&#8220;left&#8220; background_layout=&#8220;light&#8220; custom_button=&#8220;off&#8220; button_icon_placement=&#8220;right&#8220; button_url=&#8220;\/de\/sortiment\/&#8220; \/][\/et_pb_column][et_pb_column type=&#8220;1_3&#8243;][et_pb_team_member admin_label=&#8220;Usluge&#8220; name=&#8220;Leistungen in verschiedenen Bereichen des Maschinenbaus&#8220; position=&#8220;LEISTUNGEN&#8220; image_url=&#8220;https:\/\/reinox.hr\/wp-content\/uploads\/2018\/12\/usluge-strojogradnja.jpg&#8220; animation=&#8220;fade_in&#8220; background_layout=&#8220;light&#8220; _builder_version=&#8220;3.0.90&#8243;]<\/p>\n<p>Leistungen von REINOX d.o.o. in verschiedenen Bereichen des Maschinenbaus.<\/p>\n<p>[\/et_pb_team_member][et_pb_button _builder_version=&#8220;3.0.90&#8243; button_text=&#8220;Mehr&#8220; url_new_window=&#8220;off&#8220; button_alignment=&#8220;left&#8220; background_layout=&#8220;light&#8220; custom_button=&#8220;off&#8220; button_icon_placement=&#8220;right&#8220; button_url=&#8220;\/de\/produktionsdienstleistungen\/&#8220; \/][\/et_pb_column][et_pb_column type=&#8220;1_3&#8243;][et_pb_team_member admin_label=&#8220;Katalog&#8220; name=&#8220;Produktkatalog&#8220; position=&#8220;KATALOGE&#8220; image_url=&#8220;https:\/\/reinox.hr\/wp-content\/uploads\/2018\/03\/new-magazines-1306324-640&#215;480-1.jpg&#8220; animation=&#8220;fade_in&#8220; background_layout=&#8220;light&#8220; _builder_version=&#8220;3.0.90&#8243;]<\/p>\n<p>Unsere Produkt sortiment als PDF kataloge.<\/p>\n<p>[\/et_pb_team_member][et_pb_button _builder_version=&#8220;3.0.90&#8243; button_text=&#8220;Mehr&#8220; url_new_window=&#8220;off&#8220; button_alignment=&#8220;left&#8220; background_layout=&#8220;light&#8220; custom_button=&#8220;off&#8220; button_icon_placement=&#8220;right&#8220; button_url=&#8220;\/de\/katalog\/&#8220; \/][\/et_pb_column][\/et_pb_row][\/et_pb_section]<\/p>\n","protected":false},"excerpt":{"rendered":"<p>[et_pb_section bb_built=&#8220;1&#8243; fullwidth=&#8220;on&#8220; specialty=&#8220;off&#8220;][et_pb_fullwidth_slider show_arrows=&#8220;off&#8220; show_pagination=&#8220;off&#8220; _builder_version=&#8220;3.0.90&#8243; background_image=&#8220;https:\/\/reinox.hr\/wp-content\/uploads\/2018\/03\/home-bg.jpg&#8220; show_inner_shadow=&#8220;on&#8220; custom_button=&#8220;off&#8220; button_icon_placement=&#8220;right&#8220; show_content_on_mobile=&#8220;on&#8220; show_cta_on_mobile=&#8220;on&#8220; show_image_video_mobile=&#8220;off&#8220; background_blend=&#8220;multiply&#8220;] [et_pb_slide heading=&#8220;\u00dcber uns&#8220; button_link=&#8220;#&#8220; background_color=&#8220;#ffffff&#8220; alignment=&#8220;center&#8220; background_layout=&#8220;dark&#8220; _builder_version=&#8220;3.0.90&#8243; use_background_color_gradient=&#8220;off&#8220; background_color_gradient_start=&#8220;#2b87da&#8220; background_color_gradient_end=&#8220;#29c4a9&#8243; background_color_gradient_type=&#8220;linear&#8220; background_color_gradient_direction=&#8220;180deg&#8220; background_color_gradient_direction_radial=&#8220;center&#8220; background_color_gradient_start_position=&#8220;0%&#8220; background_color_gradient_end_position=&#8220;100%&#8220; background_color_gradient_overlays_image=&#8220;off&#8220; parallax=&#8220;off&#8220; parallax_method=&#8220;on&#8220; background_size=&#8220;cover&#8220; background_position=&#8220;center&#8220; background_repeat=&#8220;no-repeat&#8220; background_blend=&#8220;normal&#8220; allow_player_pause=&#8220;off&#8220; use_bg_overlay=&#8220;off&#8220; use_text_overlay=&#8220;off&#8220; text_border_radius=&#8220;3&#8243;] [\/et_pb_slide] [\/et_pb_fullwidth_slider][\/et_pb_section][et_pb_section bb_built=&#8220;1&#8243; fullwidth=&#8220;off&#8220; specialty=&#8220;off&#8220; background_color=&#8220;#f7f7f7&#8243; inner_shadow=&#8220;on&#8220; parallax=&#8220;off&#8220;][et_pb_row][et_pb_column type=&#8220;4_4&#8243;][et_pb_text background_layout=&#8220;light&#8220; _builder_version=&#8220;3.0.90&#8243;] \u00a0 REINOX [&hellip;]<\/p>\n","protected":false},"author":1,"featured_media":0,"parent":0,"menu_order":0,"comment_status":"closed","ping_status":"closed","template":"","meta":{"footnotes":""},"class_list":["post-740","page","type-page","status-publish","hentry"],"yoast_head":"<!-- This site is optimized with the Yoast SEO plugin v26.4 - https:\/\/yoast.com\/wordpress\/plugins\/seo\/ -->\n<title>Va\u0161 iskorak u svijet INOX materijala - REINOX d.o.o.<\/title>\n<meta name=\"description\" content=\"Poduze\u0107e REINOX d.o.o. u potpuno je privatnom vlasni\u0161tvu i smje\u0161tena je u sjevernom dijelu R. Hrvatske uz grad \u010cakovec. Po proizvodnoj orijentaciji bavi se izradom dijelova, opreme i konstrukcija iz INOX materijala.\" \/>\n<meta name=\"robots\" content=\"index, follow, max-snippet:-1, max-image-preview:large, max-video-preview:-1\" \/>\n<link rel=\"canonical\" href=\"https:\/\/reinox.hr\/de\/uber-uns\/\" \/>\n<meta property=\"og:locale\" content=\"de_DE\" \/>\n<meta property=\"og:type\" content=\"article\" \/>\n<meta property=\"og:title\" content=\"Va\u0161 iskorak u svijet INOX materijala - REINOX d.o.o.\" \/>\n<meta property=\"og:description\" content=\"Poduze\u0107e REINOX d.o.o. u potpuno je privatnom vlasni\u0161tvu i smje\u0161tena je u sjevernom dijelu R. Hrvatske uz grad \u010cakovec. Po proizvodnoj orijentaciji bavi se izradom dijelova, opreme i konstrukcija iz INOX materijala.\" \/>\n<meta property=\"og:url\" content=\"https:\/\/reinox.hr\/de\/uber-uns\/\" \/>\n<meta property=\"og:site_name\" content=\"Reinox d.o.o.\" \/>\n<meta property=\"article:publisher\" content=\"https:\/\/www.facebook.com\/people\/Reinoxhr\/100057620522338\/\" \/>\n<meta property=\"article:modified_time\" content=\"2018-12-10T10:47:52+00:00\" \/>\n<meta name=\"twitter:card\" content=\"summary_large_image\" \/>\n<meta name=\"twitter:label1\" content=\"Gesch\u00e4tzte Lesezeit\" \/>\n\t<meta name=\"twitter:data1\" content=\"3\u00a0Minuten\" \/>\n<script type=\"application\/ld+json\" class=\"yoast-schema-graph\">{\"@context\":\"https:\/\/schema.org\",\"@graph\":[{\"@type\":\"WebPage\",\"@id\":\"https:\/\/reinox.hr\/de\/uber-uns\/\",\"url\":\"https:\/\/reinox.hr\/de\/uber-uns\/\",\"name\":\"Va\u0161 iskorak u svijet INOX materijala - REINOX d.o.o.\",\"isPartOf\":{\"@id\":\"https:\/\/reinox.hr\/#website\"},\"datePublished\":\"2018-01-31T14:17:10+00:00\",\"dateModified\":\"2018-12-10T10:47:52+00:00\",\"description\":\"Poduze\u0107e REINOX d.o.o. u potpuno je privatnom vlasni\u0161tvu i smje\u0161tena je u sjevernom dijelu R. Hrvatske uz grad \u010cakovec. Po proizvodnoj orijentaciji bavi se izradom dijelova, opreme i konstrukcija iz INOX materijala.\",\"breadcrumb\":{\"@id\":\"https:\/\/reinox.hr\/de\/uber-uns\/#breadcrumb\"},\"inLanguage\":\"de\",\"potentialAction\":[{\"@type\":\"ReadAction\",\"target\":[\"https:\/\/reinox.hr\/de\/uber-uns\/\"]}]},{\"@type\":\"BreadcrumbList\",\"@id\":\"https:\/\/reinox.hr\/de\/uber-uns\/#breadcrumb\",\"itemListElement\":[{\"@type\":\"ListItem\",\"position\":1,\"name\":\"Startseite\",\"item\":\"https:\/\/reinox.hr\/de\/pocetna\/\"},{\"@type\":\"ListItem\",\"position\":2,\"name\":\"\u00dcber uns\"}]},{\"@type\":\"WebSite\",\"@id\":\"https:\/\/reinox.hr\/#website\",\"url\":\"https:\/\/reinox.hr\/\",\"name\":\"Reinox d.o.o.\",\"description\":\"\",\"publisher\":{\"@id\":\"https:\/\/reinox.hr\/#organization\"},\"potentialAction\":[{\"@type\":\"SearchAction\",\"target\":{\"@type\":\"EntryPoint\",\"urlTemplate\":\"https:\/\/reinox.hr\/?s={search_term_string}\"},\"query-input\":{\"@type\":\"PropertyValueSpecification\",\"valueRequired\":true,\"valueName\":\"search_term_string\"}}],\"inLanguage\":\"de\"},{\"@type\":\"Organization\",\"@id\":\"https:\/\/reinox.hr\/#organization\",\"name\":\"Reinox d.o.o.\",\"url\":\"https:\/\/reinox.hr\/\",\"logo\":{\"@type\":\"ImageObject\",\"inLanguage\":\"de\",\"@id\":\"https:\/\/reinox.hr\/#\/schema\/logo\/image\/\",\"url\":\"https:\/\/reinox.hr\/wp-content\/uploads\/2018\/01\/reinox-logo-veliki.png\",\"contentUrl\":\"https:\/\/reinox.hr\/wp-content\/uploads\/2018\/01\/reinox-logo-veliki.png\",\"width\":355,\"height\":100,\"caption\":\"Reinox d.o.o.\"},\"image\":{\"@id\":\"https:\/\/reinox.hr\/#\/schema\/logo\/image\/\"},\"sameAs\":[\"https:\/\/www.facebook.com\/people\/Reinoxhr\/100057620522338\/\"]}]}<\/script>\n<!-- \/ Yoast SEO plugin. -->","yoast_head_json":{"title":"Va\u0161 iskorak u svijet INOX materijala - REINOX d.o.o.","description":"Poduze\u0107e REINOX d.o.o. u potpuno je privatnom vlasni\u0161tvu i smje\u0161tena je u sjevernom dijelu R. Hrvatske uz grad \u010cakovec. Po proizvodnoj orijentaciji bavi se izradom dijelova, opreme i konstrukcija iz INOX materijala.","robots":{"index":"index","follow":"follow","max-snippet":"max-snippet:-1","max-image-preview":"max-image-preview:large","max-video-preview":"max-video-preview:-1"},"canonical":"https:\/\/reinox.hr\/de\/uber-uns\/","og_locale":"de_DE","og_type":"article","og_title":"Va\u0161 iskorak u svijet INOX materijala - REINOX d.o.o.","og_description":"Poduze\u0107e REINOX d.o.o. u potpuno je privatnom vlasni\u0161tvu i smje\u0161tena je u sjevernom dijelu R. Hrvatske uz grad \u010cakovec. Po proizvodnoj orijentaciji bavi se izradom dijelova, opreme i konstrukcija iz INOX materijala.","og_url":"https:\/\/reinox.hr\/de\/uber-uns\/","og_site_name":"Reinox d.o.o.","article_publisher":"https:\/\/www.facebook.com\/people\/Reinoxhr\/100057620522338\/","article_modified_time":"2018-12-10T10:47:52+00:00","twitter_card":"summary_large_image","twitter_misc":{"Gesch\u00e4tzte Lesezeit":"3\u00a0Minuten"},"schema":{"@context":"https:\/\/schema.org","@graph":[{"@type":"WebPage","@id":"https:\/\/reinox.hr\/de\/uber-uns\/","url":"https:\/\/reinox.hr\/de\/uber-uns\/","name":"Va\u0161 iskorak u svijet INOX materijala - REINOX d.o.o.","isPartOf":{"@id":"https:\/\/reinox.hr\/#website"},"datePublished":"2018-01-31T14:17:10+00:00","dateModified":"2018-12-10T10:47:52+00:00","description":"Poduze\u0107e REINOX d.o.o. u potpuno je privatnom vlasni\u0161tvu i smje\u0161tena je u sjevernom dijelu R. Hrvatske uz grad \u010cakovec. Po proizvodnoj orijentaciji bavi se izradom dijelova, opreme i konstrukcija iz INOX materijala.","breadcrumb":{"@id":"https:\/\/reinox.hr\/de\/uber-uns\/#breadcrumb"},"inLanguage":"de","potentialAction":[{"@type":"ReadAction","target":["https:\/\/reinox.hr\/de\/uber-uns\/"]}]},{"@type":"BreadcrumbList","@id":"https:\/\/reinox.hr\/de\/uber-uns\/#breadcrumb","itemListElement":[{"@type":"ListItem","position":1,"name":"Startseite","item":"https:\/\/reinox.hr\/de\/pocetna\/"},{"@type":"ListItem","position":2,"name":"\u00dcber uns"}]},{"@type":"WebSite","@id":"https:\/\/reinox.hr\/#website","url":"https:\/\/reinox.hr\/","name":"Reinox d.o.o.","description":"","publisher":{"@id":"https:\/\/reinox.hr\/#organization"},"potentialAction":[{"@type":"SearchAction","target":{"@type":"EntryPoint","urlTemplate":"https:\/\/reinox.hr\/?s={search_term_string}"},"query-input":{"@type":"PropertyValueSpecification","valueRequired":true,"valueName":"search_term_string"}}],"inLanguage":"de"},{"@type":"Organization","@id":"https:\/\/reinox.hr\/#organization","name":"Reinox d.o.o.","url":"https:\/\/reinox.hr\/","logo":{"@type":"ImageObject","inLanguage":"de","@id":"https:\/\/reinox.hr\/#\/schema\/logo\/image\/","url":"https:\/\/reinox.hr\/wp-content\/uploads\/2018\/01\/reinox-logo-veliki.png","contentUrl":"https:\/\/reinox.hr\/wp-content\/uploads\/2018\/01\/reinox-logo-veliki.png","width":355,"height":100,"caption":"Reinox d.o.o."},"image":{"@id":"https:\/\/reinox.hr\/#\/schema\/logo\/image\/"},"sameAs":["https:\/\/www.facebook.com\/people\/Reinoxhr\/100057620522338\/"]}]}},"_links":{"self":[{"href":"https:\/\/reinox.hr\/de\/wp-json\/wp\/v2\/pages\/740\/"}],"collection":[{"href":"https:\/\/reinox.hr\/de\/wp-json\/wp\/v2\/pages\/"}],"about":[{"href":"https:\/\/reinox.hr\/de\/wp-json\/wp\/v2\/types\/page\/"}],"author":[{"embeddable":true,"href":"https:\/\/reinox.hr\/de\/wp-json\/wp\/v2\/users\/1\/"}],"replies":[{"embeddable":true,"href":"https:\/\/reinox.hr\/de\/wp-json\/wp\/v2\/comments\/?post=740"}],"version-history":[{"count":4,"href":"https:\/\/reinox.hr\/de\/wp-json\/wp\/v2\/pages\/740\/revisions\/"}],"predecessor-version":[{"id":1467,"href":"https:\/\/reinox.hr\/de\/wp-json\/wp\/v2\/pages\/740\/revisions\/1467\/"}],"wp:attachment":[{"href":"https:\/\/reinox.hr\/de\/wp-json\/wp\/v2\/media\/?parent=740"}],"curies":[{"name":"wp","href":"https:\/\/api.w.org\/{rel}","templated":true}]}}