{"id":914,"date":"2018-01-22T09:54:46","date_gmt":"2018-01-22T08:54:46","guid":{"rendered":"http:\/\/reinox.hr\/novi\/sortiment\/industrijska-oprema\/"},"modified":"2018-12-07T08:29:05","modified_gmt":"2018-12-07T07:29:05","slug":"industrienlagen","status":"publish","type":"page","link":"https:\/\/reinox.hr\/de\/sortiment\/industrienlagen\/","title":{"rendered":"Industrienlagen"},"content":{"rendered":"<p>[et_pb_section bb_built=&#8220;1&#8243; fullwidth=&#8220;on&#8220; specialty=&#8220;off&#8220;][et_pb_fullwidth_slider show_arrows=&#8220;off&#8220; show_pagination=&#8220;off&#8220; parallax=&#8220;on&#8220; background_position=&#8220;top_left&#8220; background_repeat=&#8220;repeat&#8220; background_size=&#8220;initial&#8220; _builder_version=&#8220;3.0.90&#8243; show_inner_shadow=&#8220;on&#8220; custom_button=&#8220;off&#8220; button_icon_placement=&#8220;right&#8220; show_content_on_mobile=&#8220;on&#8220; show_cta_on_mobile=&#8220;on&#8220; show_image_video_mobile=&#8220;off&#8220;]<\/p>\n<p>\n[et_pb_slide heading=&#8220;Industrienlagen&#8220; background_image=&#8220;https:\/\/reinox.hr\/wp-content\/uploads\/2018\/03\/home-bg.jpg&#8220; background_color=&#8220;#ffffff&#8220; alignment=&#8220;center&#8220; background_layout=&#8220;dark&#8220; _builder_version=&#8220;3.0.90&#8243; use_background_color_gradient=&#8220;off&#8220; background_color_gradient_start=&#8220;#2b87da&#8220; background_color_gradient_end=&#8220;#29c4a9&#8243; background_color_gradient_type=&#8220;linear&#8220; background_color_gradient_direction=&#8220;180deg&#8220; background_color_gradient_direction_radial=&#8220;center&#8220; background_color_gradient_start_position=&#8220;0%&#8220; background_color_gradient_end_position=&#8220;100%&#8220; background_color_gradient_overlays_image=&#8220;off&#8220; parallax=&#8220;off&#8220; parallax_method=&#8220;on&#8220; background_size=&#8220;cover&#8220; background_position=&#8220;center&#8220; background_repeat=&#8220;no-repeat&#8220; background_blend=&#8220;normal&#8220; allow_player_pause=&#8220;off&#8220; use_bg_overlay=&#8220;off&#8220; use_text_overlay=&#8220;off&#8220; text_border_radius=&#8220;3&#8243;]<\/p>\n<div class=\"breadcrumbs\"><span><span><a href=\"https:\/\/reinox.hr\/de\/pocetna\/\">Startseite<\/a><\/span><\/span><\/div>\n<p>[\/et_pb_slide]<\/p>\n<p>[\/et_pb_fullwidth_slider][\/et_pb_section][et_pb_section bb_built=&#8220;1&#8243; fullwidth=&#8220;off&#8220; specialty=&#8220;off&#8220; inner_shadow=&#8220;off&#8220; parallax=&#8220;off&#8220;][et_pb_row][et_pb_column type=&#8220;1_2&#8243;][et_pb_text background_layout=&#8220;light&#8220; module_alignment=&#8220;left&#8220; _builder_version=&#8220;3.0.90&#8243;]<\/p>\n<h1>INDUSTRIENLAGEN<\/h1>\n<p class=\"bodytext\">Das Unternehmen REINOX GmbH ist ein bew\u00e4hrter und zuverl\u00e4ssiger Lieferant von qualitativer INOX Ausr\u00fcstung f\u00fcr Industrieanlagen im Inland und auf dem EU-Markt. Die Ausr\u00fcstung der Fa REINOX be\ufb01ndet sich in zahlreichen Anlagen der Nahrungsmittel-\u201a Chemie\u2014 und Prozes-sindustrie im ln- und Ausland.<\/p>\n<p>Auf Wunsch des Bestellers konstruiert und produziert die Fa REINOX auch Spezialmaschinen und -anlagen f\u00fcr<br \/>einen ganz bestimmten Verwendungszweck aus allen Arten der INOX-Materialien.<\/p>\n<p>Ein Beweis unserer Qualit\u00e4t ist ein nicht unbedeutender <strong>Absatz unserer Produkte auf dem anspruchsvollen<\/strong><br \/><strong>EU-Markt.<\/strong><\/p>\n<p>[\/et_pb_text][\/et_pb_column][et_pb_column type=&#8220;1_2&#8243;][et_pb_gallery _builder_version=&#8220;3.0.90&#8243; show_title_and_caption=&#8220;off&#8220; show_pagination=&#8220;on&#8220; gallery_ids=&#8220;1175,1178,1181,1184,1187,1190,1193,1196,1199,1202,1205,1208&#8243; fullwidth=&#8220;off&#8220; orientation=&#8220;landscape&#8220; zoom_icon_color=&#8220;#2ea3f2&#8243; hover_overlay_color=&#8220;rgba(255,255,255,0.9)&#8220; background_layout=&#8220;light&#8220; pagination_font_size_tablet=&#8220;51&#8243; pagination_line_height_tablet=&#8220;2&#8243; saved_tabs=&#8220;all&#8220; global_module=&#8220;1334&#8243; \/][\/et_pb_column][\/et_pb_row][\/et_pb_section][et_pb_section bb_built=&#8220;1&#8243; fullwidth=&#8220;on&#8220; specialty=&#8220;off&#8220;][et_pb_fullwidth_slider _builder_version=&#8220;3.0.90&#8243; show_arrows=&#8220;off&#8220; show_pagination=&#8220;off&#8220; show_inner_shadow=&#8220;on&#8220; custom_button=&#8220;off&#8220; button_icon_placement=&#8220;right&#8220; show_content_on_mobile=&#8220;on&#8220; show_cta_on_mobile=&#8220;on&#8220; show_image_video_mobile=&#8220;off&#8220;]<\/p>\n<p>\n[et_pb_slide _builder_version=&#8220;3.0.90&#8243; heading=&#8220;Lorem ipsum dolor sit amet.&#8220; button_text=&#8220;Po\u0161aljite nam poruku&#8220; button_link=&#8220;\/kontakt&#8220; use_background_color_gradient=&#8220;on&#8220; background_color_gradient_start=&#8220;#2b87da&#8220; background_color_gradient_end=&#8220;#29c4a9&#8243; background_color_gradient_type=&#8220;linear&#8220; background_color_gradient_direction=&#8220;180deg&#8220; background_color_gradient_direction_radial=&#8220;center&#8220; background_color_gradient_start_position=&#8220;0%&#8220; background_color_gradient_end_position=&#8220;100%&#8220; background_color_gradient_overlays_image=&#8220;off&#8220; parallax=&#8220;off&#8220; parallax_method=&#8220;on&#8220; background_size=&#8220;cover&#8220; background_position=&#8220;center&#8220; background_repeat=&#8220;no-repeat&#8220; background_blend=&#8220;normal&#8220; allow_player_pause=&#8220;off&#8220; use_bg_overlay=&#8220;off&#8220; use_text_overlay=&#8220;off&#8220; text_border_radius=&#8220;3&#8243; alignment=&#8220;center&#8220; background_layout=&#8220;dark&#8220; \/]<\/p>\n<p>[\/et_pb_fullwidth_slider][\/et_pb_section]<\/p>\n","protected":false},"excerpt":{"rendered":"<p>Das Unternehmen REINOX GmbH ist ein bew\u00e4hrter und zuverl\u00e4ssiger Lieferant von qualitativer INOX Ausr\u00fcstung f\u00fcr Industrieanlagen im Inland und auf dem EU-Markt.<\/p>\n","protected":false},"author":1,"featured_media":536,"parent":895,"menu_order":0,"comment_status":"closed","ping_status":"closed","template":"","meta":{"footnotes":""},"class_list":["post-914","page","type-page","status-publish","has-post-thumbnail","hentry"],"yoast_head":"<!-- This site is optimized with the Yoast SEO plugin v26.4 - https:\/\/yoast.com\/wordpress\/plugins\/seo\/ -->\n<title>Industrienlagen - Reinox d.o.o.<\/title>\n<meta name=\"description\" content=\"Das Unternehmen REINOX GmbH ist ein bew\u00e4hrter und zuverl\u00e4ssiger Lieferant von qualitativer INOX Ausr\u00fcstung f\u00fcr Industrieanlagen im Inland und auf dem EU-Markt. Die Ausr\u00fcstung der Fa REINOX be\ufb01ndet sich in zahlreichen Anlagen der Nahrungsmittel-\u201a Chemie\u2014 und Prozes-sindustrie im ln- und Ausland.\" \/>\n<meta name=\"robots\" content=\"index, follow, max-snippet:-1, max-image-preview:large, max-video-preview:-1\" \/>\n<link rel=\"canonical\" href=\"https:\/\/reinox.hr\/de\/sortiment\/industrienlagen\/\" \/>\n<meta property=\"og:locale\" content=\"de_DE\" \/>\n<meta property=\"og:type\" content=\"article\" \/>\n<meta property=\"og:title\" content=\"Industrienlagen - Reinox d.o.o.\" \/>\n<meta property=\"og:description\" content=\"Das Unternehmen REINOX GmbH ist ein bew\u00e4hrter und zuverl\u00e4ssiger Lieferant von qualitativer INOX Ausr\u00fcstung f\u00fcr Industrieanlagen im Inland und auf dem EU-Markt. Die Ausr\u00fcstung der Fa REINOX be\ufb01ndet sich in zahlreichen Anlagen der Nahrungsmittel-\u201a Chemie\u2014 und Prozes-sindustrie im ln- und Ausland.\" \/>\n<meta property=\"og:url\" content=\"https:\/\/reinox.hr\/de\/sortiment\/industrienlagen\/\" \/>\n<meta property=\"og:site_name\" content=\"Reinox d.o.o.\" \/>\n<meta property=\"article:publisher\" content=\"https:\/\/www.facebook.com\/people\/Reinoxhr\/100057620522338\/\" \/>\n<meta property=\"article:modified_time\" content=\"2018-12-07T07:29:05+00:00\" \/>\n<meta property=\"og:image\" content=\"https:\/\/reinox.hr\/wp-content\/uploads\/2018\/01\/Industrijska_oprema_sl.7-1.jpg\" \/>\n\t<meta property=\"og:image:width\" content=\"1024\" \/>\n\t<meta property=\"og:image:height\" content=\"768\" \/>\n\t<meta property=\"og:image:type\" content=\"image\/jpeg\" \/>\n<meta name=\"twitter:card\" content=\"summary_large_image\" \/>\n<meta name=\"twitter:label1\" content=\"Gesch\u00e4tzte Lesezeit\" \/>\n\t<meta name=\"twitter:data1\" content=\"3\u00a0Minuten\" \/>\n<script type=\"application\/ld+json\" class=\"yoast-schema-graph\">{\"@context\":\"https:\/\/schema.org\",\"@graph\":[{\"@type\":\"WebPage\",\"@id\":\"https:\/\/reinox.hr\/de\/sortiment\/industrienlagen\/\",\"url\":\"https:\/\/reinox.hr\/de\/sortiment\/industrienlagen\/\",\"name\":\"Industrienlagen - Reinox d.o.o.\",\"isPartOf\":{\"@id\":\"https:\/\/reinox.hr\/#website\"},\"primaryImageOfPage\":{\"@id\":\"https:\/\/reinox.hr\/de\/sortiment\/industrienlagen\/#primaryimage\"},\"image\":{\"@id\":\"https:\/\/reinox.hr\/de\/sortiment\/industrienlagen\/#primaryimage\"},\"thumbnailUrl\":\"https:\/\/reinox.hr\/wp-content\/uploads\/2018\/01\/Industrijska_oprema_sl.7-1.jpg\",\"datePublished\":\"2018-01-22T08:54:46+00:00\",\"dateModified\":\"2018-12-07T07:29:05+00:00\",\"description\":\"Das Unternehmen REINOX GmbH ist ein bew\u00e4hrter und zuverl\u00e4ssiger Lieferant von qualitativer INOX Ausr\u00fcstung f\u00fcr Industrieanlagen im Inland und auf dem EU-Markt. Die Ausr\u00fcstung der Fa REINOX be\ufb01ndet sich in zahlreichen Anlagen der Nahrungsmittel-\u201a Chemie\u2014 und Prozes-sindustrie im ln- und Ausland.\",\"breadcrumb\":{\"@id\":\"https:\/\/reinox.hr\/de\/sortiment\/industrienlagen\/#breadcrumb\"},\"inLanguage\":\"de\",\"potentialAction\":[{\"@type\":\"ReadAction\",\"target\":[\"https:\/\/reinox.hr\/de\/sortiment\/industrienlagen\/\"]}]},{\"@type\":\"ImageObject\",\"inLanguage\":\"de\",\"@id\":\"https:\/\/reinox.hr\/de\/sortiment\/industrienlagen\/#primaryimage\",\"url\":\"https:\/\/reinox.hr\/wp-content\/uploads\/2018\/01\/Industrijska_oprema_sl.7-1.jpg\",\"contentUrl\":\"https:\/\/reinox.hr\/wp-content\/uploads\/2018\/01\/Industrijska_oprema_sl.7-1.jpg\",\"width\":1024,\"height\":768,\"caption\":\"OLYMPUS DIGITAL CAMERA\"},{\"@type\":\"BreadcrumbList\",\"@id\":\"https:\/\/reinox.hr\/de\/sortiment\/industrienlagen\/#breadcrumb\",\"itemListElement\":[{\"@type\":\"ListItem\",\"position\":1,\"name\":\"Startseite\",\"item\":\"https:\/\/reinox.hr\/de\/pocetna\/\"},{\"@type\":\"ListItem\",\"position\":2,\"name\":\"Sortiment\",\"item\":\"https:\/\/reinox.hr\/de\/sortiment\/\"},{\"@type\":\"ListItem\",\"position\":3,\"name\":\"Industrienlagen\"}]},{\"@type\":\"WebSite\",\"@id\":\"https:\/\/reinox.hr\/#website\",\"url\":\"https:\/\/reinox.hr\/\",\"name\":\"Reinox d.o.o.\",\"description\":\"\",\"publisher\":{\"@id\":\"https:\/\/reinox.hr\/#organization\"},\"potentialAction\":[{\"@type\":\"SearchAction\",\"target\":{\"@type\":\"EntryPoint\",\"urlTemplate\":\"https:\/\/reinox.hr\/?s={search_term_string}\"},\"query-input\":{\"@type\":\"PropertyValueSpecification\",\"valueRequired\":true,\"valueName\":\"search_term_string\"}}],\"inLanguage\":\"de\"},{\"@type\":\"Organization\",\"@id\":\"https:\/\/reinox.hr\/#organization\",\"name\":\"Reinox d.o.o.\",\"url\":\"https:\/\/reinox.hr\/\",\"logo\":{\"@type\":\"ImageObject\",\"inLanguage\":\"de\",\"@id\":\"https:\/\/reinox.hr\/#\/schema\/logo\/image\/\",\"url\":\"https:\/\/reinox.hr\/wp-content\/uploads\/2018\/01\/reinox-logo-veliki.png\",\"contentUrl\":\"https:\/\/reinox.hr\/wp-content\/uploads\/2018\/01\/reinox-logo-veliki.png\",\"width\":355,\"height\":100,\"caption\":\"Reinox d.o.o.\"},\"image\":{\"@id\":\"https:\/\/reinox.hr\/#\/schema\/logo\/image\/\"},\"sameAs\":[\"https:\/\/www.facebook.com\/people\/Reinoxhr\/100057620522338\/\"]}]}<\/script>\n<!-- \/ Yoast SEO plugin. -->","yoast_head_json":{"title":"Industrienlagen - Reinox d.o.o.","description":"Das Unternehmen REINOX GmbH ist ein bew\u00e4hrter und zuverl\u00e4ssiger Lieferant von qualitativer INOX Ausr\u00fcstung f\u00fcr Industrieanlagen im Inland und auf dem EU-Markt. Die Ausr\u00fcstung der Fa REINOX be\ufb01ndet sich in zahlreichen Anlagen der Nahrungsmittel-\u201a Chemie\u2014 und Prozes-sindustrie im ln- und Ausland.","robots":{"index":"index","follow":"follow","max-snippet":"max-snippet:-1","max-image-preview":"max-image-preview:large","max-video-preview":"max-video-preview:-1"},"canonical":"https:\/\/reinox.hr\/de\/sortiment\/industrienlagen\/","og_locale":"de_DE","og_type":"article","og_title":"Industrienlagen - Reinox d.o.o.","og_description":"Das Unternehmen REINOX GmbH ist ein bew\u00e4hrter und zuverl\u00e4ssiger Lieferant von qualitativer INOX Ausr\u00fcstung f\u00fcr Industrieanlagen im Inland und auf dem EU-Markt. Die Ausr\u00fcstung der Fa REINOX be\ufb01ndet sich in zahlreichen Anlagen der Nahrungsmittel-\u201a Chemie\u2014 und Prozes-sindustrie im ln- und Ausland.","og_url":"https:\/\/reinox.hr\/de\/sortiment\/industrienlagen\/","og_site_name":"Reinox d.o.o.","article_publisher":"https:\/\/www.facebook.com\/people\/Reinoxhr\/100057620522338\/","article_modified_time":"2018-12-07T07:29:05+00:00","og_image":[{"width":1024,"height":768,"url":"https:\/\/reinox.hr\/wp-content\/uploads\/2018\/01\/Industrijska_oprema_sl.7-1.jpg","type":"image\/jpeg"}],"twitter_card":"summary_large_image","twitter_misc":{"Gesch\u00e4tzte Lesezeit":"3\u00a0Minuten"},"schema":{"@context":"https:\/\/schema.org","@graph":[{"@type":"WebPage","@id":"https:\/\/reinox.hr\/de\/sortiment\/industrienlagen\/","url":"https:\/\/reinox.hr\/de\/sortiment\/industrienlagen\/","name":"Industrienlagen - Reinox d.o.o.","isPartOf":{"@id":"https:\/\/reinox.hr\/#website"},"primaryImageOfPage":{"@id":"https:\/\/reinox.hr\/de\/sortiment\/industrienlagen\/#primaryimage"},"image":{"@id":"https:\/\/reinox.hr\/de\/sortiment\/industrienlagen\/#primaryimage"},"thumbnailUrl":"https:\/\/reinox.hr\/wp-content\/uploads\/2018\/01\/Industrijska_oprema_sl.7-1.jpg","datePublished":"2018-01-22T08:54:46+00:00","dateModified":"2018-12-07T07:29:05+00:00","description":"Das Unternehmen REINOX GmbH ist ein bew\u00e4hrter und zuverl\u00e4ssiger Lieferant von qualitativer INOX Ausr\u00fcstung f\u00fcr Industrieanlagen im Inland und auf dem EU-Markt. Die Ausr\u00fcstung der Fa REINOX be\ufb01ndet sich in zahlreichen Anlagen der Nahrungsmittel-\u201a Chemie\u2014 und Prozes-sindustrie im ln- und Ausland.","breadcrumb":{"@id":"https:\/\/reinox.hr\/de\/sortiment\/industrienlagen\/#breadcrumb"},"inLanguage":"de","potentialAction":[{"@type":"ReadAction","target":["https:\/\/reinox.hr\/de\/sortiment\/industrienlagen\/"]}]},{"@type":"ImageObject","inLanguage":"de","@id":"https:\/\/reinox.hr\/de\/sortiment\/industrienlagen\/#primaryimage","url":"https:\/\/reinox.hr\/wp-content\/uploads\/2018\/01\/Industrijska_oprema_sl.7-1.jpg","contentUrl":"https:\/\/reinox.hr\/wp-content\/uploads\/2018\/01\/Industrijska_oprema_sl.7-1.jpg","width":1024,"height":768,"caption":"OLYMPUS DIGITAL CAMERA"},{"@type":"BreadcrumbList","@id":"https:\/\/reinox.hr\/de\/sortiment\/industrienlagen\/#breadcrumb","itemListElement":[{"@type":"ListItem","position":1,"name":"Startseite","item":"https:\/\/reinox.hr\/de\/pocetna\/"},{"@type":"ListItem","position":2,"name":"Sortiment","item":"https:\/\/reinox.hr\/de\/sortiment\/"},{"@type":"ListItem","position":3,"name":"Industrienlagen"}]},{"@type":"WebSite","@id":"https:\/\/reinox.hr\/#website","url":"https:\/\/reinox.hr\/","name":"Reinox d.o.o.","description":"","publisher":{"@id":"https:\/\/reinox.hr\/#organization"},"potentialAction":[{"@type":"SearchAction","target":{"@type":"EntryPoint","urlTemplate":"https:\/\/reinox.hr\/?s={search_term_string}"},"query-input":{"@type":"PropertyValueSpecification","valueRequired":true,"valueName":"search_term_string"}}],"inLanguage":"de"},{"@type":"Organization","@id":"https:\/\/reinox.hr\/#organization","name":"Reinox d.o.o.","url":"https:\/\/reinox.hr\/","logo":{"@type":"ImageObject","inLanguage":"de","@id":"https:\/\/reinox.hr\/#\/schema\/logo\/image\/","url":"https:\/\/reinox.hr\/wp-content\/uploads\/2018\/01\/reinox-logo-veliki.png","contentUrl":"https:\/\/reinox.hr\/wp-content\/uploads\/2018\/01\/reinox-logo-veliki.png","width":355,"height":100,"caption":"Reinox d.o.o."},"image":{"@id":"https:\/\/reinox.hr\/#\/schema\/logo\/image\/"},"sameAs":["https:\/\/www.facebook.com\/people\/Reinoxhr\/100057620522338\/"]}]}},"_links":{"self":[{"href":"https:\/\/reinox.hr\/de\/wp-json\/wp\/v2\/pages\/914\/"}],"collection":[{"href":"https:\/\/reinox.hr\/de\/wp-json\/wp\/v2\/pages\/"}],"about":[{"href":"https:\/\/reinox.hr\/de\/wp-json\/wp\/v2\/types\/page\/"}],"author":[{"embeddable":true,"href":"https:\/\/reinox.hr\/de\/wp-json\/wp\/v2\/users\/1\/"}],"replies":[{"embeddable":true,"href":"https:\/\/reinox.hr\/de\/wp-json\/wp\/v2\/comments\/?post=914"}],"version-history":[{"count":0,"href":"https:\/\/reinox.hr\/de\/wp-json\/wp\/v2\/pages\/914\/revisions\/"}],"up":[{"embeddable":true,"href":"https:\/\/reinox.hr\/de\/wp-json\/wp\/v2\/pages\/895\/"}],"wp:featuredmedia":[{"embeddable":true,"href":"https:\/\/reinox.hr\/de\/wp-json\/wp\/v2\/media\/536\/"}],"wp:attachment":[{"href":"https:\/\/reinox.hr\/de\/wp-json\/wp\/v2\/media\/?parent=914"}],"curies":[{"name":"wp","href":"https:\/\/api.w.org\/{rel}","templated":true}]}}