{"id":919,"date":"2018-01-22T12:10:03","date_gmt":"2018-01-22T11:10:03","guid":{"rendered":"http:\/\/reinox.hr\/novi\/sortiment\/medicinski-laboratorijski-namjestaj-i-oprema\/"},"modified":"2020-09-03T15:03:09","modified_gmt":"2020-09-03T13:03:09","slug":"krankenhaeuser-und-laboratorien","status":"publish","type":"page","link":"https:\/\/reinox.hr\/de\/sortiment\/krankenhaeuser-und-laboratorien\/","title":{"rendered":"Programm der Ausstattung f\u00fcr Krankenh\u00e4user und Laboratorien"},"content":{"rendered":"<p>[et_pb_section bb_built=&#8220;1&#8243; fullwidth=&#8220;on&#8220; specialty=&#8220;off&#8220;][et_pb_fullwidth_slider show_arrows=&#8220;off&#8220; show_pagination=&#8220;off&#8220; parallax=&#8220;on&#8220; background_position=&#8220;top_left&#8220; background_repeat=&#8220;repeat&#8220; background_size=&#8220;initial&#8220; _builder_version=&#8220;3.0.90&#8243; show_inner_shadow=&#8220;on&#8220; custom_button=&#8220;off&#8220; button_icon_placement=&#8220;right&#8220; show_content_on_mobile=&#8220;on&#8220; show_cta_on_mobile=&#8220;on&#8220; show_image_video_mobile=&#8220;off&#8220;]<\/p>\n<p>[et_pb_slide heading=&#8220;Krankenh\u00e4user und Laboratorien&#8220; background_image=&#8220;https:\/\/reinox.hr\/wp-content\/uploads\/2018\/03\/home-bg.jpg&#8220; background_color=&#8220;#ffffff&#8220; alignment=&#8220;center&#8220; background_layout=&#8220;dark&#8220; _builder_version=&#8220;3.0.90&#8243; use_background_color_gradient=&#8220;off&#8220; background_color_gradient_start=&#8220;#2b87da&#8220; background_color_gradient_end=&#8220;#29c4a9&#8243; background_color_gradient_type=&#8220;linear&#8220; background_color_gradient_direction=&#8220;180deg&#8220; background_color_gradient_direction_radial=&#8220;center&#8220; background_color_gradient_start_position=&#8220;0%&#8220; background_color_gradient_end_position=&#8220;100%&#8220; background_color_gradient_overlays_image=&#8220;off&#8220; parallax=&#8220;off&#8220; parallax_method=&#8220;on&#8220; background_size=&#8220;cover&#8220; background_position=&#8220;center&#8220; background_repeat=&#8220;no-repeat&#8220; background_blend=&#8220;normal&#8220; allow_player_pause=&#8220;off&#8220; use_bg_overlay=&#8220;off&#8220; use_text_overlay=&#8220;off&#8220; text_border_radius=&#8220;3&#8243;]<\/p>\n<div class=\"breadcrumbs\"><span><span><a href=\"https:\/\/reinox.hr\/de\/pocetna\/\">Startseite<\/a><\/span><\/span><\/div>\n<p>[\/et_pb_slide]<\/p>\n<p>[\/et_pb_fullwidth_slider][\/et_pb_section][et_pb_section bb_built=&#8220;1&#8243; fullwidth=&#8220;off&#8220; specialty=&#8220;off&#8220; inner_shadow=&#8220;off&#8220; parallax=&#8220;off&#8220;][et_pb_row][et_pb_column type=&#8220;1_2&#8243;][et_pb_text background_layout=&#8220;light&#8220; module_alignment=&#8220;left&#8220; _builder_version=&#8220;3.0.90&#8243;]<\/p>\n<h1>PROGRAMM DER AUSSTATTUNG F\u00dcR KRANKENH\u00c4USER UND LABORATORIEN<\/h1>\n<p>Neue technologische Erkenntnisse sowie deren Anwendung auf dem Gebiet der Medizin und der Pharmazie f\u00fchrten zu neuen Anforderungen, denen auch die Ausstattung f\u00fcr medizinische und pharmazeutische R\u00e4umlichkeiten gerecht werden muss. Gerade diese Anforderungen erf\u00fcllen die M\u00f6bel der Firma REINOX, die f\u00fcr diesen Zweck entwickelt wurden.<\/p>\n<p>Diese M\u00f6bel kennzeich net:<\/p>\n<ul>\n<li> hohe Qualit\u00e4t derVerarbeitung und Funktionalit\u00e4t <\/li>\n<li> Einhaltung allerVorschriften und Anforderungen bez\u00fcglich einer dauerhaften Reinhaltung und Hygiene, da sie aus hochwertigen Edelstahlpanelen angefertigt undmakellos bearbeitet sind. \u201e <\/li>\n<li> passend f\u00fcrjeden Raum in Form, Design und Asthetilc gem\u00e4\u00df dem Wunsch des Projektplaners und Nutzers <\/li>\n<li> sehr gute Best\u00e4ndigkeit gegen mechanische Besch\u00e4digungen <\/li>\n<li> Haltbarkeit und leichte Instandhaltung <\/li>\n<li> M\u00f6glichkeit der Erg\u00e4nzung der M\u00f6bel im Falle eines Umbaus oder der Umstellung der R\u00e4ume<\/li>\n<\/ul>\n<p>Die M\u00f6bel der Firma REINOX sind Teil der Ausstattung vieler Gesundheitseinrichtungen und Laboratorien in der Republik Kroatien, wie auch in L\u00e4ndern des anspruchsvollen EU-Marktes.<\/p>\n<p>Die kooperative Zusammenarbeit mit den Projektplanern und Nutzern solcher Objekte wird im Falle der Wahl eines Produktes aus dem Programm der Ausstattung f\u00fcr Krankenh\u00e4user und Laboratorien der Firma REINOX d.o.o. sicher auch Ihre vollkommene Zufriedenheit zur Folge haben.<\/p>\n<p>[\/et_pb_text][\/et_pb_column][et_pb_column type=&#8220;1_2&#8243;][et_pb_gallery _builder_version=&#8220;3.0.90&#8243; show_title_and_caption=&#8220;off&#8220; show_pagination=&#8220;on&#8220; gallery_ids=&#8220;1616,1619,1622,1625,1628,1631,1634,1637,1640,1643,1646,1649,1652,1655&#8243; fullwidth=&#8220;off&#8220; orientation=&#8220;landscape&#8220; zoom_icon_color=&#8220;#2ea3f2&#8243; hover_overlay_color=&#8220;rgba(255,255,255,0.9)&#8220; background_layout=&#8220;light&#8220; pagination_font_size_tablet=&#8220;51&#8243; pagination_line_height_tablet=&#8220;2&#8243; db_image_max_width_tablet=&#8220;51&#8243; db_image_max_height_tablet=&#8220;501&#8243; db_image_row_spacing_tablet=&#8220;51&#8243; db_image_object_fit=&#8220;initial&#8220; db_image_center_titles=&#8220;left&#8220; \/][\/et_pb_column][\/et_pb_row][\/et_pb_section]<\/p>\n","protected":false},"excerpt":{"rendered":"<p>Neue technologische Erkenntnisse sowie deren Anwendung auf dem Gebiet der Medizin und der Pharmazie f\u00fchrten zu neuen Anforderungen, denen auch die Ausstattung f\u00fcr medizinische und pharmazeutische R\u00e4umlichkeiten gerecht werden muss.<\/p>\n","protected":false},"author":1,"featured_media":596,"parent":895,"menu_order":0,"comment_status":"closed","ping_status":"closed","template":"","meta":{"footnotes":""},"class_list":["post-919","page","type-page","status-publish","has-post-thumbnail","hentry"],"yoast_head":"<!-- This site is optimized with the Yoast SEO plugin v26.4 - https:\/\/yoast.com\/wordpress\/plugins\/seo\/ -->\n<title>Programm der Ausstattung f\u00fcr Krankenh\u00e4user und Laboratorien - Reinox d.o.o.<\/title>\n<meta name=\"description\" content=\"Neue technologische Erkenntnisse sowie deren Anwendung auf dem Gebiet der Medizin und der Pharmazie f\u00fchrten zu neuen Anforderungen, denen auch die Ausstattung f\u00fcr medizinische und pharmazeutische R\u00e4umlichkeiten gerecht werden muss.\" \/>\n<meta name=\"robots\" content=\"index, follow, max-snippet:-1, max-image-preview:large, max-video-preview:-1\" \/>\n<link rel=\"canonical\" href=\"https:\/\/reinox.hr\/de\/sortiment\/krankenhaeuser-und-laboratorien\/\" \/>\n<meta property=\"og:locale\" content=\"de_DE\" \/>\n<meta property=\"og:type\" content=\"article\" \/>\n<meta property=\"og:title\" content=\"Programm der Ausstattung f\u00fcr Krankenh\u00e4user und Laboratorien - Reinox d.o.o.\" \/>\n<meta property=\"og:description\" content=\"Neue technologische Erkenntnisse sowie deren Anwendung auf dem Gebiet der Medizin und der Pharmazie f\u00fchrten zu neuen Anforderungen, denen auch die Ausstattung f\u00fcr medizinische und pharmazeutische R\u00e4umlichkeiten gerecht werden muss.\" \/>\n<meta property=\"og:url\" content=\"https:\/\/reinox.hr\/de\/sortiment\/krankenhaeuser-und-laboratorien\/\" \/>\n<meta property=\"og:site_name\" content=\"Reinox d.o.o.\" \/>\n<meta property=\"article:publisher\" content=\"https:\/\/www.facebook.com\/people\/Reinoxhr\/100057620522338\/\" \/>\n<meta property=\"article:modified_time\" content=\"2020-09-03T13:03:09+00:00\" \/>\n<meta property=\"og:image\" content=\"https:\/\/reinox.hr\/wp-content\/uploads\/2018\/01\/Medicinski_metalni_namjestaj_15.jpg\" \/>\n\t<meta property=\"og:image:width\" content=\"3072\" \/>\n\t<meta property=\"og:image:height\" content=\"2304\" \/>\n\t<meta property=\"og:image:type\" content=\"image\/jpeg\" \/>\n<meta name=\"twitter:card\" content=\"summary_large_image\" \/>\n<meta name=\"twitter:label1\" content=\"Gesch\u00e4tzte Lesezeit\" \/>\n\t<meta name=\"twitter:data1\" content=\"3\u00a0Minuten\" \/>\n<script type=\"application\/ld+json\" class=\"yoast-schema-graph\">{\"@context\":\"https:\/\/schema.org\",\"@graph\":[{\"@type\":\"WebPage\",\"@id\":\"https:\/\/reinox.hr\/de\/sortiment\/krankenhaeuser-und-laboratorien\/\",\"url\":\"https:\/\/reinox.hr\/de\/sortiment\/krankenhaeuser-und-laboratorien\/\",\"name\":\"Programm der Ausstattung f\u00fcr Krankenh\u00e4user und Laboratorien - Reinox d.o.o.\",\"isPartOf\":{\"@id\":\"https:\/\/reinox.hr\/#website\"},\"primaryImageOfPage\":{\"@id\":\"https:\/\/reinox.hr\/de\/sortiment\/krankenhaeuser-und-laboratorien\/#primaryimage\"},\"image\":{\"@id\":\"https:\/\/reinox.hr\/de\/sortiment\/krankenhaeuser-und-laboratorien\/#primaryimage\"},\"thumbnailUrl\":\"https:\/\/reinox.hr\/wp-content\/uploads\/2018\/01\/Medicinski_metalni_namjestaj_15.jpg\",\"datePublished\":\"2018-01-22T11:10:03+00:00\",\"dateModified\":\"2020-09-03T13:03:09+00:00\",\"description\":\"Neue technologische Erkenntnisse sowie deren Anwendung auf dem Gebiet der Medizin und der Pharmazie f\u00fchrten zu neuen Anforderungen, denen auch die Ausstattung f\u00fcr medizinische und pharmazeutische R\u00e4umlichkeiten gerecht werden muss.\",\"breadcrumb\":{\"@id\":\"https:\/\/reinox.hr\/de\/sortiment\/krankenhaeuser-und-laboratorien\/#breadcrumb\"},\"inLanguage\":\"de\",\"potentialAction\":[{\"@type\":\"ReadAction\",\"target\":[\"https:\/\/reinox.hr\/de\/sortiment\/krankenhaeuser-und-laboratorien\/\"]}]},{\"@type\":\"ImageObject\",\"inLanguage\":\"de\",\"@id\":\"https:\/\/reinox.hr\/de\/sortiment\/krankenhaeuser-und-laboratorien\/#primaryimage\",\"url\":\"https:\/\/reinox.hr\/wp-content\/uploads\/2018\/01\/Medicinski_metalni_namjestaj_15.jpg\",\"contentUrl\":\"https:\/\/reinox.hr\/wp-content\/uploads\/2018\/01\/Medicinski_metalni_namjestaj_15.jpg\",\"width\":3072,\"height\":2304},{\"@type\":\"BreadcrumbList\",\"@id\":\"https:\/\/reinox.hr\/de\/sortiment\/krankenhaeuser-und-laboratorien\/#breadcrumb\",\"itemListElement\":[{\"@type\":\"ListItem\",\"position\":1,\"name\":\"Startseite\",\"item\":\"https:\/\/reinox.hr\/de\/pocetna\/\"},{\"@type\":\"ListItem\",\"position\":2,\"name\":\"Sortiment\",\"item\":\"https:\/\/reinox.hr\/de\/sortiment\/\"},{\"@type\":\"ListItem\",\"position\":3,\"name\":\"Programm der Ausstattung f\u00fcr Krankenh\u00e4user und Laboratorien\"}]},{\"@type\":\"WebSite\",\"@id\":\"https:\/\/reinox.hr\/#website\",\"url\":\"https:\/\/reinox.hr\/\",\"name\":\"Reinox d.o.o.\",\"description\":\"\",\"publisher\":{\"@id\":\"https:\/\/reinox.hr\/#organization\"},\"potentialAction\":[{\"@type\":\"SearchAction\",\"target\":{\"@type\":\"EntryPoint\",\"urlTemplate\":\"https:\/\/reinox.hr\/?s={search_term_string}\"},\"query-input\":{\"@type\":\"PropertyValueSpecification\",\"valueRequired\":true,\"valueName\":\"search_term_string\"}}],\"inLanguage\":\"de\"},{\"@type\":\"Organization\",\"@id\":\"https:\/\/reinox.hr\/#organization\",\"name\":\"Reinox d.o.o.\",\"url\":\"https:\/\/reinox.hr\/\",\"logo\":{\"@type\":\"ImageObject\",\"inLanguage\":\"de\",\"@id\":\"https:\/\/reinox.hr\/#\/schema\/logo\/image\/\",\"url\":\"https:\/\/reinox.hr\/wp-content\/uploads\/2018\/01\/reinox-logo-veliki.png\",\"contentUrl\":\"https:\/\/reinox.hr\/wp-content\/uploads\/2018\/01\/reinox-logo-veliki.png\",\"width\":355,\"height\":100,\"caption\":\"Reinox d.o.o.\"},\"image\":{\"@id\":\"https:\/\/reinox.hr\/#\/schema\/logo\/image\/\"},\"sameAs\":[\"https:\/\/www.facebook.com\/people\/Reinoxhr\/100057620522338\/\"]}]}<\/script>\n<!-- \/ Yoast SEO plugin. -->","yoast_head_json":{"title":"Programm der Ausstattung f\u00fcr Krankenh\u00e4user und Laboratorien - Reinox d.o.o.","description":"Neue technologische Erkenntnisse sowie deren Anwendung auf dem Gebiet der Medizin und der Pharmazie f\u00fchrten zu neuen Anforderungen, denen auch die Ausstattung f\u00fcr medizinische und pharmazeutische R\u00e4umlichkeiten gerecht werden muss.","robots":{"index":"index","follow":"follow","max-snippet":"max-snippet:-1","max-image-preview":"max-image-preview:large","max-video-preview":"max-video-preview:-1"},"canonical":"https:\/\/reinox.hr\/de\/sortiment\/krankenhaeuser-und-laboratorien\/","og_locale":"de_DE","og_type":"article","og_title":"Programm der Ausstattung f\u00fcr Krankenh\u00e4user und Laboratorien - Reinox d.o.o.","og_description":"Neue technologische Erkenntnisse sowie deren Anwendung auf dem Gebiet der Medizin und der Pharmazie f\u00fchrten zu neuen Anforderungen, denen auch die Ausstattung f\u00fcr medizinische und pharmazeutische R\u00e4umlichkeiten gerecht werden muss.","og_url":"https:\/\/reinox.hr\/de\/sortiment\/krankenhaeuser-und-laboratorien\/","og_site_name":"Reinox d.o.o.","article_publisher":"https:\/\/www.facebook.com\/people\/Reinoxhr\/100057620522338\/","article_modified_time":"2020-09-03T13:03:09+00:00","og_image":[{"width":3072,"height":2304,"url":"https:\/\/reinox.hr\/wp-content\/uploads\/2018\/01\/Medicinski_metalni_namjestaj_15.jpg","type":"image\/jpeg"}],"twitter_card":"summary_large_image","twitter_misc":{"Gesch\u00e4tzte Lesezeit":"3\u00a0Minuten"},"schema":{"@context":"https:\/\/schema.org","@graph":[{"@type":"WebPage","@id":"https:\/\/reinox.hr\/de\/sortiment\/krankenhaeuser-und-laboratorien\/","url":"https:\/\/reinox.hr\/de\/sortiment\/krankenhaeuser-und-laboratorien\/","name":"Programm der Ausstattung f\u00fcr Krankenh\u00e4user und Laboratorien - Reinox d.o.o.","isPartOf":{"@id":"https:\/\/reinox.hr\/#website"},"primaryImageOfPage":{"@id":"https:\/\/reinox.hr\/de\/sortiment\/krankenhaeuser-und-laboratorien\/#primaryimage"},"image":{"@id":"https:\/\/reinox.hr\/de\/sortiment\/krankenhaeuser-und-laboratorien\/#primaryimage"},"thumbnailUrl":"https:\/\/reinox.hr\/wp-content\/uploads\/2018\/01\/Medicinski_metalni_namjestaj_15.jpg","datePublished":"2018-01-22T11:10:03+00:00","dateModified":"2020-09-03T13:03:09+00:00","description":"Neue technologische Erkenntnisse sowie deren Anwendung auf dem Gebiet der Medizin und der Pharmazie f\u00fchrten zu neuen Anforderungen, denen auch die Ausstattung f\u00fcr medizinische und pharmazeutische R\u00e4umlichkeiten gerecht werden muss.","breadcrumb":{"@id":"https:\/\/reinox.hr\/de\/sortiment\/krankenhaeuser-und-laboratorien\/#breadcrumb"},"inLanguage":"de","potentialAction":[{"@type":"ReadAction","target":["https:\/\/reinox.hr\/de\/sortiment\/krankenhaeuser-und-laboratorien\/"]}]},{"@type":"ImageObject","inLanguage":"de","@id":"https:\/\/reinox.hr\/de\/sortiment\/krankenhaeuser-und-laboratorien\/#primaryimage","url":"https:\/\/reinox.hr\/wp-content\/uploads\/2018\/01\/Medicinski_metalni_namjestaj_15.jpg","contentUrl":"https:\/\/reinox.hr\/wp-content\/uploads\/2018\/01\/Medicinski_metalni_namjestaj_15.jpg","width":3072,"height":2304},{"@type":"BreadcrumbList","@id":"https:\/\/reinox.hr\/de\/sortiment\/krankenhaeuser-und-laboratorien\/#breadcrumb","itemListElement":[{"@type":"ListItem","position":1,"name":"Startseite","item":"https:\/\/reinox.hr\/de\/pocetna\/"},{"@type":"ListItem","position":2,"name":"Sortiment","item":"https:\/\/reinox.hr\/de\/sortiment\/"},{"@type":"ListItem","position":3,"name":"Programm der Ausstattung f\u00fcr Krankenh\u00e4user und Laboratorien"}]},{"@type":"WebSite","@id":"https:\/\/reinox.hr\/#website","url":"https:\/\/reinox.hr\/","name":"Reinox d.o.o.","description":"","publisher":{"@id":"https:\/\/reinox.hr\/#organization"},"potentialAction":[{"@type":"SearchAction","target":{"@type":"EntryPoint","urlTemplate":"https:\/\/reinox.hr\/?s={search_term_string}"},"query-input":{"@type":"PropertyValueSpecification","valueRequired":true,"valueName":"search_term_string"}}],"inLanguage":"de"},{"@type":"Organization","@id":"https:\/\/reinox.hr\/#organization","name":"Reinox d.o.o.","url":"https:\/\/reinox.hr\/","logo":{"@type":"ImageObject","inLanguage":"de","@id":"https:\/\/reinox.hr\/#\/schema\/logo\/image\/","url":"https:\/\/reinox.hr\/wp-content\/uploads\/2018\/01\/reinox-logo-veliki.png","contentUrl":"https:\/\/reinox.hr\/wp-content\/uploads\/2018\/01\/reinox-logo-veliki.png","width":355,"height":100,"caption":"Reinox d.o.o."},"image":{"@id":"https:\/\/reinox.hr\/#\/schema\/logo\/image\/"},"sameAs":["https:\/\/www.facebook.com\/people\/Reinoxhr\/100057620522338\/"]}]}},"_links":{"self":[{"href":"https:\/\/reinox.hr\/de\/wp-json\/wp\/v2\/pages\/919\/"}],"collection":[{"href":"https:\/\/reinox.hr\/de\/wp-json\/wp\/v2\/pages\/"}],"about":[{"href":"https:\/\/reinox.hr\/de\/wp-json\/wp\/v2\/types\/page\/"}],"author":[{"embeddable":true,"href":"https:\/\/reinox.hr\/de\/wp-json\/wp\/v2\/users\/1\/"}],"replies":[{"embeddable":true,"href":"https:\/\/reinox.hr\/de\/wp-json\/wp\/v2\/comments\/?post=919"}],"version-history":[{"count":1,"href":"https:\/\/reinox.hr\/de\/wp-json\/wp\/v2\/pages\/919\/revisions\/"}],"predecessor-version":[{"id":1658,"href":"https:\/\/reinox.hr\/de\/wp-json\/wp\/v2\/pages\/919\/revisions\/1658\/"}],"up":[{"embeddable":true,"href":"https:\/\/reinox.hr\/de\/wp-json\/wp\/v2\/pages\/895\/"}],"wp:featuredmedia":[{"embeddable":true,"href":"https:\/\/reinox.hr\/de\/wp-json\/wp\/v2\/media\/596\/"}],"wp:attachment":[{"href":"https:\/\/reinox.hr\/de\/wp-json\/wp\/v2\/media\/?parent=919"}],"curies":[{"name":"wp","href":"https:\/\/api.w.org\/{rel}","templated":true}]}}