{"id":932,"date":"2017-12-05T16:37:24","date_gmt":"2017-12-05T15:37:24","guid":{"rendered":"http:\/\/reinox.hr\/novi\/usluge\/"},"modified":"2018-12-05T09:10:56","modified_gmt":"2018-12-05T08:10:56","slug":"produktionsdienstleistungen","status":"publish","type":"page","link":"https:\/\/reinox.hr\/de\/produktionsdienstleistungen\/","title":{"rendered":"Produktionsdienstleistungen"},"content":{"rendered":"<p>[et_pb_section bb_built=&#8220;1&#8243; fullwidth=&#8220;on&#8220; specialty=&#8220;off&#8220;][et_pb_fullwidth_slider _builder_version=&#8220;3.0.90&#8243; show_arrows=&#8220;off&#8220; show_pagination=&#8220;off&#8220; show_inner_shadow=&#8220;on&#8220; custom_button=&#8220;off&#8220; button_icon_placement=&#8220;right&#8220; show_content_on_mobile=&#8220;on&#8220; show_cta_on_mobile=&#8220;on&#8220; show_image_video_mobile=&#8220;off&#8220; background_image=&#8220;https:\/\/reinox.hr\/wp-content\/uploads\/2018\/03\/home-bg.jpg&#8220;]<\/p>\n<p>[et_pb_slide _builder_version=&#8220;3.0.90&#8243; heading=&#8220;Dienstleistunegen in der Produktion&#8220; use_background_color_gradient=&#8220;off&#8220; background_color_gradient_start=&#8220;#2b87da&#8220; background_color_gradient_end=&#8220;#29c4a9&#8243; background_color_gradient_type=&#8220;linear&#8220; background_color_gradient_direction=&#8220;180deg&#8220; background_color_gradient_direction_radial=&#8220;center&#8220; background_color_gradient_start_position=&#8220;0%&#8220; background_color_gradient_end_position=&#8220;100%&#8220; background_color_gradient_overlays_image=&#8220;off&#8220; parallax=&#8220;on&#8220; parallax_method=&#8220;off&#8220; background_size=&#8220;cover&#8220; background_position=&#8220;center&#8220; background_repeat=&#8220;no-repeat&#8220; background_blend=&#8220;normal&#8220; allow_player_pause=&#8220;off&#8220; use_bg_overlay=&#8220;off&#8220; use_text_overlay=&#8220;off&#8220; text_border_radius=&#8220;3&#8243; alignment=&#8220;center&#8220; background_layout=&#8220;dark&#8220;]<\/p>\n<div class=\"breadcrumbs\">\n<p style=\"text-align: =;\"><span><span><a href=\"https:\/\/reinox.hr\/de\/pocetna\/\">Startseite<\/a><\/span><\/span><\/div>\n<p>[\/et_pb_slide]<\/p>\n<p>[\/et_pb_fullwidth_slider][\/et_pb_section][et_pb_section bb_built=&#8220;1&#8243;][et_pb_row][et_pb_column type=&#8220;4_4&#8243;][et_pb_text _builder_version=&#8220;3.0.90&#8243; background_layout=&#8220;light&#8220;]<\/p>\n<p>Die Investition in neue Technologien, in moderne Produktionsmaschinen sowie die st\u00e4ndige Investition in den Erwerb und die Anwendung neuer Kenntnisse in der Technologie, sind st\u00e4ndiger Imperativ der Firma REINOX d.o.o. Aufgrund der jahrelangen Erfahrung sowie der beneidenswerten Produktionskapazit\u00e4ten bietet die Firma auch Produktionsleistungen f\u00fcr andere Partner. Als Leistungen, die Sie im Sinne der Produktion bei der Firma REINOX realisieren k\u00f6nnen, heben wir hervor:<br \/>\n&#8211; Ausarbeitung der technischen Dokumentation<br \/>\n&#8211; Laserstrahlschneiden<br \/>\n&#8211; chemische Bearbeitung von Oberfl \u00e4chen der Edelstahlkonstruktionen (Beizen) mit Passivierung derselben (Eintauchen und Spritzen)<br \/>\n&#8211; Biegen von Blechen an verschiedenen Typen von Biegemaschinen<br \/>\n&#8211; Schleifen von Oberfl \u00e4chen aus Edelstahlmaterial (manuell und maschinell)<br \/>\n&#8211; Schwei\u00dfen<br \/>\nEs ist wichtig anzuf\u00fchren, dass die Firma REINOX den Gro\u00dfteil ihrer Produktion auf den anspruchsvollen EU Markt ausf\u00fchrt und in \u00dcbereinstimmung damit, wendet sie bei der Produktion die hohen \u00d6ko-Standards an, die f\u00fcr die entwickelten L\u00e4nder auf dem Gebiet der EU, zu denen die meisten unserer langj\u00e4hrigen Gesch\u00e4ftspartner geh\u00f6ren, \u00fcblich sind.<\/p>\n<p>[\/et_pb_text][\/et_pb_column][\/et_pb_row][et_pb_row _builder_version=&#8220;3.0.90&#8243; global_module=&#8220;1356&#8243;][et_pb_column type=&#8220;4_4&#8243;][et_pb_gallery global_parent=&#8220;1356&#8243; _builder_version=&#8220;3.0.90&#8243; show_title_and_caption=&#8220;off&#8220; show_pagination=&#8220;on&#8220; gallery_ids=&#8220;1247,1250,1253,1256,1259,1262,1265,1268,1271,1274,1277&#8243; zoom_icon_color=&#8220;#ec1c24&#8243; hover_overlay_color=&#8220;rgba(255,255,255,0.9)&#8220; fullwidth=&#8220;off&#8220; orientation=&#8220;landscape&#8220; background_layout=&#8220;light&#8220; pagination_font_size_tablet=&#8220;51&#8243; pagination_line_height_tablet=&#8220;2&#8243; \/][\/et_pb_column][\/et_pb_row][\/et_pb_section]<\/p>\n","protected":false},"excerpt":{"rendered":"<p>[et_pb_section bb_built=&#8220;1&#8243; fullwidth=&#8220;on&#8220; specialty=&#8220;off&#8220;][et_pb_fullwidth_slider _builder_version=&#8220;3.0.90&#8243; show_arrows=&#8220;off&#8220; show_pagination=&#8220;off&#8220; show_inner_shadow=&#8220;on&#8220; custom_button=&#8220;off&#8220; button_icon_placement=&#8220;right&#8220; show_content_on_mobile=&#8220;on&#8220; show_cta_on_mobile=&#8220;on&#8220; show_image_video_mobile=&#8220;off&#8220; background_image=&#8220;https:\/\/reinox.hr\/wp-content\/uploads\/2018\/03\/home-bg.jpg&#8220;] [et_pb_slide _builder_version=&#8220;3.0.90&#8243; heading=&#8220;Dienstleistunegen in der Produktion&#8220; use_background_color_gradient=&#8220;off&#8220; background_color_gradient_start=&#8220;#2b87da&#8220; background_color_gradient_end=&#8220;#29c4a9&#8243; background_color_gradient_type=&#8220;linear&#8220; background_color_gradient_direction=&#8220;180deg&#8220; background_color_gradient_direction_radial=&#8220;center&#8220; background_color_gradient_start_position=&#8220;0%&#8220; background_color_gradient_end_position=&#8220;100%&#8220; background_color_gradient_overlays_image=&#8220;off&#8220; parallax=&#8220;on&#8220; parallax_method=&#8220;off&#8220; background_size=&#8220;cover&#8220; background_position=&#8220;center&#8220; background_repeat=&#8220;no-repeat&#8220; background_blend=&#8220;normal&#8220; allow_player_pause=&#8220;off&#8220; use_bg_overlay=&#8220;off&#8220; use_text_overlay=&#8220;off&#8220; text_border_radius=&#8220;3&#8243; alignment=&#8220;center&#8220; background_layout=&#8220;dark&#8220;] [\/et_pb_slide] [\/et_pb_fullwidth_slider][\/et_pb_section][et_pb_section bb_built=&#8220;1&#8243;][et_pb_row][et_pb_column type=&#8220;4_4&#8243;][et_pb_text _builder_version=&#8220;3.0.90&#8243; background_layout=&#8220;light&#8220;] Die Investition in neue Technologien, in moderne Produktionsmaschinen [&hellip;]<\/p>\n","protected":false},"author":1,"featured_media":0,"parent":0,"menu_order":0,"comment_status":"closed","ping_status":"closed","template":"","meta":{"footnotes":""},"class_list":["post-932","page","type-page","status-publish","hentry"],"yoast_head":"<!-- This site is optimized with the Yoast SEO plugin v26.4 - https:\/\/yoast.com\/wordpress\/plugins\/seo\/ -->\n<title>Produktionsdienstleistungen - Reinox d.o.o.<\/title>\n<meta name=\"description\" content=\"Ulaganje u nove tehnologije, moderan proizvodni strojni park te stalno ulaganje u stjecanje i primjenu novih znanja u tehnologiji stalni je imperativ tvrtke REINOX d.o.o.Od usluga koje mo\u017eete u proizvodnom smislu realizirati u tvrtki REINOX izdvajamo: izrada tehni\u010dke dokumentacije, lasersko rezanje, TIG zavarivanje.\" \/>\n<meta name=\"robots\" content=\"index, follow, max-snippet:-1, max-image-preview:large, max-video-preview:-1\" \/>\n<link rel=\"canonical\" href=\"https:\/\/reinox.hr\/de\/produktionsdienstleistungen\/\" \/>\n<meta property=\"og:locale\" content=\"de_DE\" \/>\n<meta property=\"og:type\" content=\"article\" \/>\n<meta property=\"og:title\" content=\"Produktionsdienstleistungen - Reinox d.o.o.\" \/>\n<meta property=\"og:description\" content=\"Ulaganje u nove tehnologije, moderan proizvodni strojni park te stalno ulaganje u stjecanje i primjenu novih znanja u tehnologiji stalni je imperativ tvrtke REINOX d.o.o.Od usluga koje mo\u017eete u proizvodnom smislu realizirati u tvrtki REINOX izdvajamo: izrada tehni\u010dke dokumentacije, lasersko rezanje, TIG zavarivanje.\" \/>\n<meta property=\"og:url\" content=\"https:\/\/reinox.hr\/de\/produktionsdienstleistungen\/\" \/>\n<meta property=\"og:site_name\" content=\"Reinox d.o.o.\" \/>\n<meta property=\"article:publisher\" content=\"https:\/\/www.facebook.com\/people\/Reinoxhr\/100057620522338\/\" \/>\n<meta property=\"article:modified_time\" content=\"2018-12-05T08:10:56+00:00\" \/>\n<meta name=\"twitter:card\" content=\"summary_large_image\" \/>\n<meta name=\"twitter:label1\" content=\"Gesch\u00e4tzte Lesezeit\" \/>\n\t<meta name=\"twitter:data1\" content=\"2\u00a0Minuten\" \/>\n<script type=\"application\/ld+json\" class=\"yoast-schema-graph\">{\"@context\":\"https:\/\/schema.org\",\"@graph\":[{\"@type\":\"WebPage\",\"@id\":\"https:\/\/reinox.hr\/de\/produktionsdienstleistungen\/\",\"url\":\"https:\/\/reinox.hr\/de\/produktionsdienstleistungen\/\",\"name\":\"Produktionsdienstleistungen - Reinox d.o.o.\",\"isPartOf\":{\"@id\":\"https:\/\/reinox.hr\/#website\"},\"datePublished\":\"2017-12-05T15:37:24+00:00\",\"dateModified\":\"2018-12-05T08:10:56+00:00\",\"description\":\"Ulaganje u nove tehnologije, moderan proizvodni strojni park te stalno ulaganje u stjecanje i primjenu novih znanja u tehnologiji stalni je imperativ tvrtke REINOX d.o.o.Od usluga koje mo\u017eete u proizvodnom smislu realizirati u tvrtki REINOX izdvajamo: izrada tehni\u010dke dokumentacije, lasersko rezanje, TIG zavarivanje.\",\"breadcrumb\":{\"@id\":\"https:\/\/reinox.hr\/de\/produktionsdienstleistungen\/#breadcrumb\"},\"inLanguage\":\"de\",\"potentialAction\":[{\"@type\":\"ReadAction\",\"target\":[\"https:\/\/reinox.hr\/de\/produktionsdienstleistungen\/\"]}]},{\"@type\":\"BreadcrumbList\",\"@id\":\"https:\/\/reinox.hr\/de\/produktionsdienstleistungen\/#breadcrumb\",\"itemListElement\":[{\"@type\":\"ListItem\",\"position\":1,\"name\":\"Startseite\",\"item\":\"https:\/\/reinox.hr\/de\/pocetna\/\"},{\"@type\":\"ListItem\",\"position\":2,\"name\":\"Produktionsdienstleistungen\"}]},{\"@type\":\"WebSite\",\"@id\":\"https:\/\/reinox.hr\/#website\",\"url\":\"https:\/\/reinox.hr\/\",\"name\":\"Reinox d.o.o.\",\"description\":\"\",\"publisher\":{\"@id\":\"https:\/\/reinox.hr\/#organization\"},\"potentialAction\":[{\"@type\":\"SearchAction\",\"target\":{\"@type\":\"EntryPoint\",\"urlTemplate\":\"https:\/\/reinox.hr\/?s={search_term_string}\"},\"query-input\":{\"@type\":\"PropertyValueSpecification\",\"valueRequired\":true,\"valueName\":\"search_term_string\"}}],\"inLanguage\":\"de\"},{\"@type\":\"Organization\",\"@id\":\"https:\/\/reinox.hr\/#organization\",\"name\":\"Reinox d.o.o.\",\"url\":\"https:\/\/reinox.hr\/\",\"logo\":{\"@type\":\"ImageObject\",\"inLanguage\":\"de\",\"@id\":\"https:\/\/reinox.hr\/#\/schema\/logo\/image\/\",\"url\":\"https:\/\/reinox.hr\/wp-content\/uploads\/2018\/01\/reinox-logo-veliki.png\",\"contentUrl\":\"https:\/\/reinox.hr\/wp-content\/uploads\/2018\/01\/reinox-logo-veliki.png\",\"width\":355,\"height\":100,\"caption\":\"Reinox d.o.o.\"},\"image\":{\"@id\":\"https:\/\/reinox.hr\/#\/schema\/logo\/image\/\"},\"sameAs\":[\"https:\/\/www.facebook.com\/people\/Reinoxhr\/100057620522338\/\"]}]}<\/script>\n<!-- \/ Yoast SEO plugin. -->","yoast_head_json":{"title":"Produktionsdienstleistungen - Reinox d.o.o.","description":"Ulaganje u nove tehnologije, moderan proizvodni strojni park te stalno ulaganje u stjecanje i primjenu novih znanja u tehnologiji stalni je imperativ tvrtke REINOX d.o.o.Od usluga koje mo\u017eete u proizvodnom smislu realizirati u tvrtki REINOX izdvajamo: izrada tehni\u010dke dokumentacije, lasersko rezanje, TIG zavarivanje.","robots":{"index":"index","follow":"follow","max-snippet":"max-snippet:-1","max-image-preview":"max-image-preview:large","max-video-preview":"max-video-preview:-1"},"canonical":"https:\/\/reinox.hr\/de\/produktionsdienstleistungen\/","og_locale":"de_DE","og_type":"article","og_title":"Produktionsdienstleistungen - Reinox d.o.o.","og_description":"Ulaganje u nove tehnologije, moderan proizvodni strojni park te stalno ulaganje u stjecanje i primjenu novih znanja u tehnologiji stalni je imperativ tvrtke REINOX d.o.o.Od usluga koje mo\u017eete u proizvodnom smislu realizirati u tvrtki REINOX izdvajamo: izrada tehni\u010dke dokumentacije, lasersko rezanje, TIG zavarivanje.","og_url":"https:\/\/reinox.hr\/de\/produktionsdienstleistungen\/","og_site_name":"Reinox d.o.o.","article_publisher":"https:\/\/www.facebook.com\/people\/Reinoxhr\/100057620522338\/","article_modified_time":"2018-12-05T08:10:56+00:00","twitter_card":"summary_large_image","twitter_misc":{"Gesch\u00e4tzte Lesezeit":"2\u00a0Minuten"},"schema":{"@context":"https:\/\/schema.org","@graph":[{"@type":"WebPage","@id":"https:\/\/reinox.hr\/de\/produktionsdienstleistungen\/","url":"https:\/\/reinox.hr\/de\/produktionsdienstleistungen\/","name":"Produktionsdienstleistungen - Reinox d.o.o.","isPartOf":{"@id":"https:\/\/reinox.hr\/#website"},"datePublished":"2017-12-05T15:37:24+00:00","dateModified":"2018-12-05T08:10:56+00:00","description":"Ulaganje u nove tehnologije, moderan proizvodni strojni park te stalno ulaganje u stjecanje i primjenu novih znanja u tehnologiji stalni je imperativ tvrtke REINOX d.o.o.Od usluga koje mo\u017eete u proizvodnom smislu realizirati u tvrtki REINOX izdvajamo: izrada tehni\u010dke dokumentacije, lasersko rezanje, TIG zavarivanje.","breadcrumb":{"@id":"https:\/\/reinox.hr\/de\/produktionsdienstleistungen\/#breadcrumb"},"inLanguage":"de","potentialAction":[{"@type":"ReadAction","target":["https:\/\/reinox.hr\/de\/produktionsdienstleistungen\/"]}]},{"@type":"BreadcrumbList","@id":"https:\/\/reinox.hr\/de\/produktionsdienstleistungen\/#breadcrumb","itemListElement":[{"@type":"ListItem","position":1,"name":"Startseite","item":"https:\/\/reinox.hr\/de\/pocetna\/"},{"@type":"ListItem","position":2,"name":"Produktionsdienstleistungen"}]},{"@type":"WebSite","@id":"https:\/\/reinox.hr\/#website","url":"https:\/\/reinox.hr\/","name":"Reinox d.o.o.","description":"","publisher":{"@id":"https:\/\/reinox.hr\/#organization"},"potentialAction":[{"@type":"SearchAction","target":{"@type":"EntryPoint","urlTemplate":"https:\/\/reinox.hr\/?s={search_term_string}"},"query-input":{"@type":"PropertyValueSpecification","valueRequired":true,"valueName":"search_term_string"}}],"inLanguage":"de"},{"@type":"Organization","@id":"https:\/\/reinox.hr\/#organization","name":"Reinox d.o.o.","url":"https:\/\/reinox.hr\/","logo":{"@type":"ImageObject","inLanguage":"de","@id":"https:\/\/reinox.hr\/#\/schema\/logo\/image\/","url":"https:\/\/reinox.hr\/wp-content\/uploads\/2018\/01\/reinox-logo-veliki.png","contentUrl":"https:\/\/reinox.hr\/wp-content\/uploads\/2018\/01\/reinox-logo-veliki.png","width":355,"height":100,"caption":"Reinox d.o.o."},"image":{"@id":"https:\/\/reinox.hr\/#\/schema\/logo\/image\/"},"sameAs":["https:\/\/www.facebook.com\/people\/Reinoxhr\/100057620522338\/"]}]}},"_links":{"self":[{"href":"https:\/\/reinox.hr\/de\/wp-json\/wp\/v2\/pages\/932\/"}],"collection":[{"href":"https:\/\/reinox.hr\/de\/wp-json\/wp\/v2\/pages\/"}],"about":[{"href":"https:\/\/reinox.hr\/de\/wp-json\/wp\/v2\/types\/page\/"}],"author":[{"embeddable":true,"href":"https:\/\/reinox.hr\/de\/wp-json\/wp\/v2\/users\/1\/"}],"replies":[{"embeddable":true,"href":"https:\/\/reinox.hr\/de\/wp-json\/wp\/v2\/comments\/?post=932"}],"version-history":[{"count":0,"href":"https:\/\/reinox.hr\/de\/wp-json\/wp\/v2\/pages\/932\/revisions\/"}],"wp:attachment":[{"href":"https:\/\/reinox.hr\/de\/wp-json\/wp\/v2\/media\/?parent=932"}],"curies":[{"name":"wp","href":"https:\/\/api.w.org\/{rel}","templated":true}]}}