{"id":652,"date":"2018-01-26T08:59:44","date_gmt":"2018-01-26T07:59:44","guid":{"rendered":"http:\/\/reinox.hr\/novi\/about-us\/"},"modified":"2018-12-10T10:30:51","modified_gmt":"2018-12-10T09:30:51","slug":"about-us","status":"publish","type":"page","link":"https:\/\/reinox.hr\/en\/about-us\/","title":{"rendered":"About us"},"content":{"rendered":"<p>[et_pb_section bb_built=&#8221;1&#8243; fullwidth=&#8221;on&#8221; specialty=&#8221;off&#8221;][et_pb_fullwidth_slider show_arrows=&#8221;off&#8221; show_pagination=&#8221;off&#8221; parallax=&#8221;on&#8221; background_position=&#8221;top_left&#8221; background_repeat=&#8221;repeat&#8221; background_size=&#8221;initial&#8221; _builder_version=&#8221;3.0.90&#8243; show_inner_shadow=&#8221;on&#8221; custom_button=&#8221;off&#8221; button_icon_placement=&#8221;right&#8221; show_content_on_mobile=&#8221;on&#8221; show_cta_on_mobile=&#8221;on&#8221; show_image_video_mobile=&#8221;off&#8221;]<\/p>\n<p>[et_pb_slide heading=&#8221;About us&#8221; button_link=&#8221;#&#8221; background_image=&#8221;https:\/\/reinox.hr\/wp-content\/uploads\/2018\/03\/home-bg.jpg&#8221; background_color=&#8221;#ffffff&#8221; alignment=&#8221;center&#8221; background_layout=&#8221;dark&#8221; _builder_version=&#8221;3.0.90&#8243; use_background_color_gradient=&#8221;off&#8221; background_color_gradient_start=&#8221;#2b87da&#8221; background_color_gradient_end=&#8221;#29c4a9&#8243; background_color_gradient_type=&#8221;linear&#8221; background_color_gradient_direction=&#8221;180deg&#8221; background_color_gradient_direction_radial=&#8221;center&#8221; background_color_gradient_start_position=&#8221;0%&#8221; background_color_gradient_end_position=&#8221;100%&#8221; background_color_gradient_overlays_image=&#8221;off&#8221; parallax=&#8221;off&#8221; parallax_method=&#8221;on&#8221; background_size=&#8221;cover&#8221; background_position=&#8221;center&#8221; background_repeat=&#8221;no-repeat&#8221; background_blend=&#8221;normal&#8221; allow_player_pause=&#8221;off&#8221; use_bg_overlay=&#8221;off&#8221; use_text_overlay=&#8221;off&#8221; text_border_radius=&#8221;3&#8243;]<\/p>\n<div class=\"breadcrumbs\"><span><span><a href=\"https:\/\/reinox.hr\/en\/home\/\">Startseite<\/a><\/span><\/span><\/div>\n<p>[\/et_pb_slide]<\/p>\n<p>[\/et_pb_fullwidth_slider][\/et_pb_section][et_pb_section bb_built=&#8221;1&#8243; fullwidth=&#8221;off&#8221; specialty=&#8221;off&#8221; background_color=&#8221;#f7f7f7&#8243; inner_shadow=&#8221;on&#8221; parallax=&#8221;off&#8221;][et_pb_row][et_pb_column type=&#8221;4_4&#8243;][et_pb_text background_layout=&#8221;light&#8221; _builder_version=&#8221;3.0.90&#8243;]<\/p>\n<p><strong>REINOX d.o.o. (Ltd.)<\/strong> is a fully private company located in the northern part of the Republic of Croatia, near the town of \u010cakovec.<\/p>\n<p>We specialize in producing parts, equipment and constructs from INOX material.<\/p>\n<p><strong>Our production is centred around the products such as:<\/strong><\/p>\n<ul>\n<li>INOX food and processing industry equipment;<\/li>\n<li>INOX interiors and exteriors;<\/li>\n<li>INOX furniture and equipment for hospitals, laboratories and kitchens;<\/li>\n<li>INOX yachts equipment;<\/li>\n<li>INOX sports and family swimming pools and equipment;<\/li>\n<li>Laser cutting services;<\/li>\n<li>Constructing, designs, welding, bending and other production services.<\/li>\n<\/ul>\n<p>High quality, long-standing tradition and experience in processing stainless steel materials resulted in the export of most of the Reinox company&#8217;s products to the demanding EU market.<\/p>\n<p>Skilled managing and technical company team, qualified workforce, modern technology, experience in treating INOX materials, quality and fairness at sticking to time schedules are just a few of preconditions which will surely make you happy in co-operating with us.<\/p>\n<p><strong>Regards from REINOX!<\/strong><\/p>\n<p><strong>Management Board:<\/strong><\/p>\n<p>Miroslav Vlah, BEng (Hons)<br \/>\nVladimir Horvat, BEng (Hons)<br \/>\nZlatko Premu\u0161<\/p>\n<p>[\/et_pb_text][\/et_pb_column][\/et_pb_row][\/et_pb_section][et_pb_section bb_built=&#8221;1&#8243; fullwidth=&#8221;off&#8221; specialty=&#8221;off&#8221;][et_pb_row][et_pb_column type=&#8221;1_3&#8243;][et_pb_team_member admin_label=&#8221;Proizvodi&#8221; name=&#8221;Product diversification&#8221; position=&#8221;PRODUCTS&#8221; image_url=&#8221;https:\/\/reinox.hr\/wp-content\/uploads\/2018\/12\/reinox-proizvodi.jpg&#8221; animation=&#8221;fade_in&#8221; background_layout=&#8221;light&#8221; _builder_version=&#8221;3.0.90&#8243;]<\/p>\n<p>REIONX d.o.o. is specialised for the production of various plants and all types of stainless steel elements.<\/p>\n<p>[\/et_pb_team_member][et_pb_button _builder_version=&#8221;3.0.90&#8243; button_text=&#8221;Show more&#8221; url_new_window=&#8221;off&#8221; button_alignment=&#8221;left&#8221; background_layout=&#8221;light&#8221; custom_button=&#8221;off&#8221; button_icon_placement=&#8221;right&#8221; button_url=&#8221;\/en\/products\/&#8221; \/][\/et_pb_column][et_pb_column type=&#8221;1_3&#8243;][et_pb_team_member admin_label=&#8221;Usluge&#8221; name=&#8221;Services in production&#8221; position=&#8221;SERVICES&#8221; image_url=&#8221;https:\/\/reinox.hr\/wp-content\/uploads\/2018\/12\/usluge-strojogradnja.jpg&#8221; animation=&#8221;fade_in&#8221; background_layout=&#8221;light&#8221; _builder_version=&#8221;3.0.90&#8243;]<\/p>\n<p>REINOX d.o.o. also performs services in various fields of machine construction.<\/p>\n<p>[\/et_pb_team_member][et_pb_button _builder_version=&#8221;3.0.90&#8243; button_text=&#8221;Show more&#8221; url_new_window=&#8221;off&#8221; button_alignment=&#8221;left&#8221; background_layout=&#8221;light&#8221; custom_button=&#8221;off&#8221; button_icon_placement=&#8221;right&#8221; button_url=&#8221;\/en\/services\/&#8221; \/][\/et_pb_column][et_pb_column type=&#8221;1_3&#8243;][et_pb_team_member admin_label=&#8221;Katalog&#8221; name=&#8221;Catalogues&#8221; position=&#8221;CATALOGUE&#8221; image_url=&#8221;https:\/\/reinox.hr\/wp-content\/uploads\/2018\/03\/new-magazines-1306324-640&#215;480-1.jpg&#8221; animation=&#8221;fade_in&#8221; background_layout=&#8221;light&#8221; _builder_version=&#8221;3.0.90&#8243;]<\/p>\n<p>View our product diversidication and&nbsp; services as PDF catalogue<\/p>\n<p>[\/et_pb_team_member][et_pb_button _builder_version=&#8221;3.0.90&#8243; button_text=&#8221;Show more&#8221; url_new_window=&#8221;off&#8221; button_alignment=&#8221;left&#8221; background_layout=&#8221;light&#8221; custom_button=&#8221;off&#8221; button_icon_placement=&#8221;right&#8221; button_url=&#8221;\/en\/catalogues\/&#8221; \/][\/et_pb_column][\/et_pb_row][\/et_pb_section]<\/p>\n","protected":false},"excerpt":{"rendered":"<p>[et_pb_section bb_built=&#8221;1&#8243; fullwidth=&#8221;on&#8221; specialty=&#8221;off&#8221;][et_pb_fullwidth_slider show_arrows=&#8221;off&#8221; show_pagination=&#8221;off&#8221; parallax=&#8221;on&#8221; background_position=&#8221;top_left&#8221; background_repeat=&#8221;repeat&#8221; background_size=&#8221;initial&#8221; _builder_version=&#8221;3.0.90&#8243; show_inner_shadow=&#8221;on&#8221; custom_button=&#8221;off&#8221; button_icon_placement=&#8221;right&#8221; show_content_on_mobile=&#8221;on&#8221; show_cta_on_mobile=&#8221;on&#8221; show_image_video_mobile=&#8221;off&#8221;] [et_pb_slide heading=&#8221;About us&#8221; button_link=&#8221;#&#8221; background_image=&#8221;https:\/\/reinox.hr\/wp-content\/uploads\/2018\/03\/home-bg.jpg&#8221; background_color=&#8221;#ffffff&#8221; alignment=&#8221;center&#8221; background_layout=&#8221;dark&#8221; _builder_version=&#8221;3.0.90&#8243; use_background_color_gradient=&#8221;off&#8221; background_color_gradient_start=&#8221;#2b87da&#8221; background_color_gradient_end=&#8221;#29c4a9&#8243; background_color_gradient_type=&#8221;linear&#8221; background_color_gradient_direction=&#8221;180deg&#8221; background_color_gradient_direction_radial=&#8221;center&#8221; background_color_gradient_start_position=&#8221;0%&#8221; background_color_gradient_end_position=&#8221;100%&#8221; background_color_gradient_overlays_image=&#8221;off&#8221; parallax=&#8221;off&#8221; parallax_method=&#8221;on&#8221; background_size=&#8221;cover&#8221; background_position=&#8221;center&#8221; background_repeat=&#8221;no-repeat&#8221; background_blend=&#8221;normal&#8221; allow_player_pause=&#8221;off&#8221; use_bg_overlay=&#8221;off&#8221; use_text_overlay=&#8221;off&#8221; text_border_radius=&#8221;3&#8243;] [\/et_pb_slide] [\/et_pb_fullwidth_slider][\/et_pb_section][et_pb_section bb_built=&#8221;1&#8243; fullwidth=&#8221;off&#8221; specialty=&#8221;off&#8221; background_color=&#8221;#f7f7f7&#8243; inner_shadow=&#8221;on&#8221; parallax=&#8221;off&#8221;][et_pb_row][et_pb_column type=&#8221;4_4&#8243;][et_pb_text background_layout=&#8221;light&#8221; [&hellip;]<\/p>\n","protected":false},"author":1,"featured_media":0,"parent":0,"menu_order":0,"comment_status":"closed","ping_status":"closed","template":"","meta":{"footnotes":""},"class_list":["post-652","page","type-page","status-publish","hentry"],"yoast_head":"<!-- This site is optimized with the Yoast SEO plugin v26.4 - https:\/\/yoast.com\/wordpress\/plugins\/seo\/ -->\n<title>Va\u0161 iskorak u svijet INOX materijala - REINOX d.o.o.<\/title>\n<meta name=\"description\" content=\"Poduze\u0107e REINOX d.o.o. u potpuno je privatnom vlasni\u0161tvu i smje\u0161tena je u sjevernom dijelu R. Hrvatske uz grad \u010cakovec. Po proizvodnoj orijentaciji bavi se izradom dijelova, opreme i konstrukcija iz INOX materijala.\" \/>\n<meta name=\"robots\" content=\"index, follow, max-snippet:-1, max-image-preview:large, max-video-preview:-1\" \/>\n<link rel=\"canonical\" href=\"https:\/\/reinox.hr\/en\/about-us\/\" \/>\n<meta property=\"og:locale\" content=\"en_US\" \/>\n<meta property=\"og:type\" content=\"article\" \/>\n<meta property=\"og:title\" content=\"Va\u0161 iskorak u svijet INOX materijala - REINOX d.o.o.\" \/>\n<meta property=\"og:description\" content=\"Poduze\u0107e REINOX d.o.o. u potpuno je privatnom vlasni\u0161tvu i smje\u0161tena je u sjevernom dijelu R. Hrvatske uz grad \u010cakovec. Po proizvodnoj orijentaciji bavi se izradom dijelova, opreme i konstrukcija iz INOX materijala.\" \/>\n<meta property=\"og:url\" content=\"https:\/\/reinox.hr\/en\/about-us\/\" \/>\n<meta property=\"og:site_name\" content=\"Reinox d.o.o.\" \/>\n<meta property=\"article:publisher\" content=\"https:\/\/www.facebook.com\/people\/Reinoxhr\/100057620522338\/\" \/>\n<meta property=\"article:modified_time\" content=\"2018-12-10T09:30:51+00:00\" \/>\n<meta name=\"twitter:card\" content=\"summary_large_image\" \/>\n<meta name=\"twitter:label1\" content=\"Est. reading time\" \/>\n\t<meta name=\"twitter:data1\" content=\"3 minutes\" \/>\n<script type=\"application\/ld+json\" class=\"yoast-schema-graph\">{\"@context\":\"https:\/\/schema.org\",\"@graph\":[{\"@type\":\"WebPage\",\"@id\":\"https:\/\/reinox.hr\/en\/about-us\/\",\"url\":\"https:\/\/reinox.hr\/en\/about-us\/\",\"name\":\"Va\u0161 iskorak u svijet INOX materijala - REINOX d.o.o.\",\"isPartOf\":{\"@id\":\"https:\/\/reinox.hr\/#website\"},\"datePublished\":\"2018-01-26T07:59:44+00:00\",\"dateModified\":\"2018-12-10T09:30:51+00:00\",\"description\":\"Poduze\u0107e REINOX d.o.o. u potpuno je privatnom vlasni\u0161tvu i smje\u0161tena je u sjevernom dijelu R. Hrvatske uz grad \u010cakovec. Po proizvodnoj orijentaciji bavi se izradom dijelova, opreme i konstrukcija iz INOX materijala.\",\"breadcrumb\":{\"@id\":\"https:\/\/reinox.hr\/en\/about-us\/#breadcrumb\"},\"inLanguage\":\"en-US\",\"potentialAction\":[{\"@type\":\"ReadAction\",\"target\":[\"https:\/\/reinox.hr\/en\/about-us\/\"]}]},{\"@type\":\"BreadcrumbList\",\"@id\":\"https:\/\/reinox.hr\/en\/about-us\/#breadcrumb\",\"itemListElement\":[{\"@type\":\"ListItem\",\"position\":1,\"name\":\"Startseite\",\"item\":\"https:\/\/reinox.hr\/en\/home\/\"},{\"@type\":\"ListItem\",\"position\":2,\"name\":\"About us\"}]},{\"@type\":\"WebSite\",\"@id\":\"https:\/\/reinox.hr\/#website\",\"url\":\"https:\/\/reinox.hr\/\",\"name\":\"Reinox d.o.o.\",\"description\":\"\",\"publisher\":{\"@id\":\"https:\/\/reinox.hr\/#organization\"},\"potentialAction\":[{\"@type\":\"SearchAction\",\"target\":{\"@type\":\"EntryPoint\",\"urlTemplate\":\"https:\/\/reinox.hr\/?s={search_term_string}\"},\"query-input\":{\"@type\":\"PropertyValueSpecification\",\"valueRequired\":true,\"valueName\":\"search_term_string\"}}],\"inLanguage\":\"en-US\"},{\"@type\":\"Organization\",\"@id\":\"https:\/\/reinox.hr\/#organization\",\"name\":\"Reinox d.o.o.\",\"url\":\"https:\/\/reinox.hr\/\",\"logo\":{\"@type\":\"ImageObject\",\"inLanguage\":\"en-US\",\"@id\":\"https:\/\/reinox.hr\/#\/schema\/logo\/image\/\",\"url\":\"https:\/\/reinox.hr\/wp-content\/uploads\/2018\/01\/reinox-logo-veliki.png\",\"contentUrl\":\"https:\/\/reinox.hr\/wp-content\/uploads\/2018\/01\/reinox-logo-veliki.png\",\"width\":355,\"height\":100,\"caption\":\"Reinox d.o.o.\"},\"image\":{\"@id\":\"https:\/\/reinox.hr\/#\/schema\/logo\/image\/\"},\"sameAs\":[\"https:\/\/www.facebook.com\/people\/Reinoxhr\/100057620522338\/\"]}]}<\/script>\n<!-- \/ Yoast SEO plugin. -->","yoast_head_json":{"title":"Va\u0161 iskorak u svijet INOX materijala - REINOX d.o.o.","description":"Poduze\u0107e REINOX d.o.o. u potpuno je privatnom vlasni\u0161tvu i smje\u0161tena je u sjevernom dijelu R. Hrvatske uz grad \u010cakovec. Po proizvodnoj orijentaciji bavi se izradom dijelova, opreme i konstrukcija iz INOX materijala.","robots":{"index":"index","follow":"follow","max-snippet":"max-snippet:-1","max-image-preview":"max-image-preview:large","max-video-preview":"max-video-preview:-1"},"canonical":"https:\/\/reinox.hr\/en\/about-us\/","og_locale":"en_US","og_type":"article","og_title":"Va\u0161 iskorak u svijet INOX materijala - REINOX d.o.o.","og_description":"Poduze\u0107e REINOX d.o.o. u potpuno je privatnom vlasni\u0161tvu i smje\u0161tena je u sjevernom dijelu R. Hrvatske uz grad \u010cakovec. Po proizvodnoj orijentaciji bavi se izradom dijelova, opreme i konstrukcija iz INOX materijala.","og_url":"https:\/\/reinox.hr\/en\/about-us\/","og_site_name":"Reinox d.o.o.","article_publisher":"https:\/\/www.facebook.com\/people\/Reinoxhr\/100057620522338\/","article_modified_time":"2018-12-10T09:30:51+00:00","twitter_card":"summary_large_image","twitter_misc":{"Est. reading time":"3 minutes"},"schema":{"@context":"https:\/\/schema.org","@graph":[{"@type":"WebPage","@id":"https:\/\/reinox.hr\/en\/about-us\/","url":"https:\/\/reinox.hr\/en\/about-us\/","name":"Va\u0161 iskorak u svijet INOX materijala - REINOX d.o.o.","isPartOf":{"@id":"https:\/\/reinox.hr\/#website"},"datePublished":"2018-01-26T07:59:44+00:00","dateModified":"2018-12-10T09:30:51+00:00","description":"Poduze\u0107e REINOX d.o.o. u potpuno je privatnom vlasni\u0161tvu i smje\u0161tena je u sjevernom dijelu R. Hrvatske uz grad \u010cakovec. Po proizvodnoj orijentaciji bavi se izradom dijelova, opreme i konstrukcija iz INOX materijala.","breadcrumb":{"@id":"https:\/\/reinox.hr\/en\/about-us\/#breadcrumb"},"inLanguage":"en-US","potentialAction":[{"@type":"ReadAction","target":["https:\/\/reinox.hr\/en\/about-us\/"]}]},{"@type":"BreadcrumbList","@id":"https:\/\/reinox.hr\/en\/about-us\/#breadcrumb","itemListElement":[{"@type":"ListItem","position":1,"name":"Startseite","item":"https:\/\/reinox.hr\/en\/home\/"},{"@type":"ListItem","position":2,"name":"About us"}]},{"@type":"WebSite","@id":"https:\/\/reinox.hr\/#website","url":"https:\/\/reinox.hr\/","name":"Reinox d.o.o.","description":"","publisher":{"@id":"https:\/\/reinox.hr\/#organization"},"potentialAction":[{"@type":"SearchAction","target":{"@type":"EntryPoint","urlTemplate":"https:\/\/reinox.hr\/?s={search_term_string}"},"query-input":{"@type":"PropertyValueSpecification","valueRequired":true,"valueName":"search_term_string"}}],"inLanguage":"en-US"},{"@type":"Organization","@id":"https:\/\/reinox.hr\/#organization","name":"Reinox d.o.o.","url":"https:\/\/reinox.hr\/","logo":{"@type":"ImageObject","inLanguage":"en-US","@id":"https:\/\/reinox.hr\/#\/schema\/logo\/image\/","url":"https:\/\/reinox.hr\/wp-content\/uploads\/2018\/01\/reinox-logo-veliki.png","contentUrl":"https:\/\/reinox.hr\/wp-content\/uploads\/2018\/01\/reinox-logo-veliki.png","width":355,"height":100,"caption":"Reinox d.o.o."},"image":{"@id":"https:\/\/reinox.hr\/#\/schema\/logo\/image\/"},"sameAs":["https:\/\/www.facebook.com\/people\/Reinoxhr\/100057620522338\/"]}]}},"_links":{"self":[{"href":"https:\/\/reinox.hr\/en\/wp-json\/wp\/v2\/pages\/652\/"}],"collection":[{"href":"https:\/\/reinox.hr\/en\/wp-json\/wp\/v2\/pages\/"}],"about":[{"href":"https:\/\/reinox.hr\/en\/wp-json\/wp\/v2\/types\/page\/"}],"author":[{"embeddable":true,"href":"https:\/\/reinox.hr\/en\/wp-json\/wp\/v2\/users\/1\/"}],"replies":[{"embeddable":true,"href":"https:\/\/reinox.hr\/en\/wp-json\/wp\/v2\/comments\/?post=652"}],"version-history":[{"count":2,"href":"https:\/\/reinox.hr\/en\/wp-json\/wp\/v2\/pages\/652\/revisions\/"}],"predecessor-version":[{"id":1442,"href":"https:\/\/reinox.hr\/en\/wp-json\/wp\/v2\/pages\/652\/revisions\/1442\/"}],"wp:attachment":[{"href":"https:\/\/reinox.hr\/en\/wp-json\/wp\/v2\/media\/?parent=652"}],"curies":[{"name":"wp","href":"https:\/\/api.w.org\/{rel}","templated":true}]}}