{"id":661,"date":"2018-01-26T09:49:52","date_gmt":"2018-01-26T08:49:52","guid":{"rendered":"http:\/\/reinox.hr\/novi\/industrial-equipment\/"},"modified":"2018-12-07T08:00:45","modified_gmt":"2018-12-07T07:00:45","slug":"industrial-equipment","status":"publish","type":"page","link":"https:\/\/reinox.hr\/en\/products\/industrial-equipment\/","title":{"rendered":"Industrial equipment"},"content":{"rendered":"<p>[et_pb_section bb_built=&#8221;1&#8243; fullwidth=&#8221;on&#8221; specialty=&#8221;off&#8221;][et_pb_fullwidth_slider show_arrows=&#8221;off&#8221; show_pagination=&#8221;off&#8221; parallax=&#8221;on&#8221; background_position=&#8221;top_left&#8221; background_repeat=&#8221;repeat&#8221; background_size=&#8221;initial&#8221; _builder_version=&#8221;3.0.90&#8243; show_inner_shadow=&#8221;on&#8221; custom_button=&#8221;off&#8221; button_icon_placement=&#8221;right&#8221; show_content_on_mobile=&#8221;on&#8221; show_cta_on_mobile=&#8221;on&#8221; show_image_video_mobile=&#8221;off&#8221;]<\/p>\n<p>\n[et_pb_slide heading=&#8221;Industrial equipment&#8221; background_image=&#8221;https:\/\/reinox.hr\/wp-content\/uploads\/2018\/03\/home-bg.jpg&#8221; background_color=&#8221;#ffffff&#8221; alignment=&#8221;center&#8221; background_layout=&#8221;dark&#8221; _builder_version=&#8221;3.0.90&#8243; use_background_color_gradient=&#8221;off&#8221; background_color_gradient_start=&#8221;#2b87da&#8221; background_color_gradient_end=&#8221;#29c4a9&#8243; background_color_gradient_type=&#8221;linear&#8221; background_color_gradient_direction=&#8221;180deg&#8221; background_color_gradient_direction_radial=&#8221;center&#8221; background_color_gradient_start_position=&#8221;0%&#8221; background_color_gradient_end_position=&#8221;100%&#8221; background_color_gradient_overlays_image=&#8221;off&#8221; parallax=&#8221;off&#8221; parallax_method=&#8221;on&#8221; background_size=&#8221;cover&#8221; background_position=&#8221;center&#8221; background_repeat=&#8221;no-repeat&#8221; background_blend=&#8221;normal&#8221; allow_player_pause=&#8221;off&#8221; use_bg_overlay=&#8221;off&#8221; use_text_overlay=&#8221;off&#8221; text_border_radius=&#8221;3&#8243;]<\/p>\n<div class=\"breadcrumbs\"><span><span><a href=\"https:\/\/reinox.hr\/en\/home\/\">Startseite<\/a><\/span><\/span><\/div>\n<p>[\/et_pb_slide]<\/p>\n<p>[\/et_pb_fullwidth_slider][\/et_pb_section][et_pb_section bb_built=&#8221;1&#8243; fullwidth=&#8221;off&#8221; specialty=&#8221;off&#8221; inner_shadow=&#8221;off&#8221; parallax=&#8221;off&#8221;][et_pb_row][et_pb_column type=&#8221;1_2&#8243;][et_pb_text background_layout=&#8221;light&#8221; module_alignment=&#8221;left&#8221; _builder_version=&#8221;3.0.90&#8243;]<\/p>\n<p>\u00a0<\/p>\n<h1>INOX INDUSTRIAL EQUIPMENT<\/h1>\n<p>The <strong>REINOX d.o.o. (Ltd.) company is a proven, high quality, trustworthy deliverer of INOX equipment<\/strong> for industrial plants, domestically and throughout the EU market. REINOX equipment is found in numerous food, chemical and processing industry plants within Croatia and abroad.<\/p>\n<p>According to the needs of ordering parties, <strong>REINOX d.o.o. offers the construction and production of specialized machines and installations of very particular INOX materials<\/strong> fitted to your exact needs.<\/p>\n<p>Confirmation of our quality is the <strong>placement of our numerous products<\/strong> on the demanding EU market.<\/p>\n<p>[\/et_pb_text][\/et_pb_column][et_pb_column type=&#8221;1_2&#8243;][et_pb_gallery _builder_version=&#8221;3.0.90&#8243; show_title_and_caption=&#8221;off&#8221; show_pagination=&#8221;on&#8221; gallery_ids=&#8221;1175,1178,1181,1184,1187,1190,1193,1196,1199,1202,1205,1208&#8243; fullwidth=&#8221;off&#8221; orientation=&#8221;landscape&#8221; zoom_icon_color=&#8221;#2ea3f2&#8243; hover_overlay_color=&#8221;rgba(255,255,255,0.9)&#8221; background_layout=&#8221;light&#8221; pagination_font_size_tablet=&#8221;51&#8243; pagination_line_height_tablet=&#8221;2&#8243; saved_tabs=&#8221;all&#8221; global_module=&#8221;1334&#8243; \/][\/et_pb_column][\/et_pb_row][\/et_pb_section]<\/p>\n","protected":false},"excerpt":{"rendered":"<p>Poduze\u0107e REINOX d.o.o. dokazan je, kvalitetan I pouzdan isporu\u010ditelj INOX opreme za industrijska postrojenja kako u zemlji tako i na tr\u017ei\u0161tu Europske unije.<\/p>\n","protected":false},"author":1,"featured_media":535,"parent":664,"menu_order":0,"comment_status":"closed","ping_status":"closed","template":"","meta":{"footnotes":""},"class_list":["post-661","page","type-page","status-publish","has-post-thumbnail","hentry"],"yoast_head":"<!-- This site is optimized with the Yoast SEO plugin v26.4 - https:\/\/yoast.com\/wordpress\/plugins\/seo\/ -->\n<title>Industrial equipment - Reinox d.o.o.<\/title>\n<meta name=\"description\" content=\"The REINOX d.o.o. (Ltd.) company is a proven, high quality, trustworthy deliverer of INOX equipment for industrial plants, domestically and throughout the EU market. REINOX equipment is found in numerous food, chemical and processing industry plants within Croatia and abroad.\" \/>\n<meta name=\"robots\" content=\"index, follow, max-snippet:-1, max-image-preview:large, max-video-preview:-1\" \/>\n<link rel=\"canonical\" href=\"https:\/\/reinox.hr\/en\/products\/industrial-equipment\/\" \/>\n<meta property=\"og:locale\" content=\"en_US\" \/>\n<meta property=\"og:type\" content=\"article\" \/>\n<meta property=\"og:title\" content=\"Industrial equipment - Reinox d.o.o.\" \/>\n<meta property=\"og:description\" content=\"The REINOX d.o.o. (Ltd.) company is a proven, high quality, trustworthy deliverer of INOX equipment for industrial plants, domestically and throughout the EU market. REINOX equipment is found in numerous food, chemical and processing industry plants within Croatia and abroad.\" \/>\n<meta property=\"og:url\" content=\"https:\/\/reinox.hr\/en\/products\/industrial-equipment\/\" \/>\n<meta property=\"og:site_name\" content=\"Reinox d.o.o.\" \/>\n<meta property=\"article:publisher\" content=\"https:\/\/www.facebook.com\/people\/Reinoxhr\/100057620522338\/\" \/>\n<meta property=\"article:modified_time\" content=\"2018-12-07T07:00:45+00:00\" \/>\n<meta property=\"og:image\" content=\"https:\/\/reinox.hr\/wp-content\/uploads\/2018\/01\/Industrijska_oprema_sl.7-1.jpg\" \/>\n\t<meta property=\"og:image:width\" content=\"1024\" \/>\n\t<meta property=\"og:image:height\" content=\"768\" \/>\n\t<meta property=\"og:image:type\" content=\"image\/jpeg\" \/>\n<meta name=\"twitter:card\" content=\"summary_large_image\" \/>\n<meta name=\"twitter:label1\" content=\"Est. reading time\" \/>\n\t<meta name=\"twitter:data1\" content=\"2 minutes\" \/>\n<script type=\"application\/ld+json\" class=\"yoast-schema-graph\">{\"@context\":\"https:\/\/schema.org\",\"@graph\":[{\"@type\":\"WebPage\",\"@id\":\"https:\/\/reinox.hr\/en\/products\/industrial-equipment\/\",\"url\":\"https:\/\/reinox.hr\/en\/products\/industrial-equipment\/\",\"name\":\"Industrial equipment - Reinox d.o.o.\",\"isPartOf\":{\"@id\":\"https:\/\/reinox.hr\/#website\"},\"primaryImageOfPage\":{\"@id\":\"https:\/\/reinox.hr\/en\/products\/industrial-equipment\/#primaryimage\"},\"image\":{\"@id\":\"https:\/\/reinox.hr\/en\/products\/industrial-equipment\/#primaryimage\"},\"thumbnailUrl\":\"https:\/\/reinox.hr\/wp-content\/uploads\/2018\/01\/Industrijska_oprema_sl.7-1.jpg\",\"datePublished\":\"2018-01-26T08:49:52+00:00\",\"dateModified\":\"2018-12-07T07:00:45+00:00\",\"description\":\"The REINOX d.o.o. (Ltd.) company is a proven, high quality, trustworthy deliverer of INOX equipment for industrial plants, domestically and throughout the EU market. REINOX equipment is found in numerous food, chemical and processing industry plants within Croatia and abroad.\",\"breadcrumb\":{\"@id\":\"https:\/\/reinox.hr\/en\/products\/industrial-equipment\/#breadcrumb\"},\"inLanguage\":\"en-US\",\"potentialAction\":[{\"@type\":\"ReadAction\",\"target\":[\"https:\/\/reinox.hr\/en\/products\/industrial-equipment\/\"]}]},{\"@type\":\"ImageObject\",\"inLanguage\":\"en-US\",\"@id\":\"https:\/\/reinox.hr\/en\/products\/industrial-equipment\/#primaryimage\",\"url\":\"https:\/\/reinox.hr\/wp-content\/uploads\/2018\/01\/Industrijska_oprema_sl.7-1.jpg\",\"contentUrl\":\"https:\/\/reinox.hr\/wp-content\/uploads\/2018\/01\/Industrijska_oprema_sl.7-1.jpg\",\"width\":1024,\"height\":768,\"caption\":\"OLYMPUS DIGITAL CAMERA\"},{\"@type\":\"BreadcrumbList\",\"@id\":\"https:\/\/reinox.hr\/en\/products\/industrial-equipment\/#breadcrumb\",\"itemListElement\":[{\"@type\":\"ListItem\",\"position\":1,\"name\":\"Startseite\",\"item\":\"https:\/\/reinox.hr\/en\/home\/\"},{\"@type\":\"ListItem\",\"position\":2,\"name\":\"Products\",\"item\":\"https:\/\/reinox.hr\/en\/products\/\"},{\"@type\":\"ListItem\",\"position\":3,\"name\":\"Industrial equipment\"}]},{\"@type\":\"WebSite\",\"@id\":\"https:\/\/reinox.hr\/#website\",\"url\":\"https:\/\/reinox.hr\/\",\"name\":\"Reinox d.o.o.\",\"description\":\"\",\"publisher\":{\"@id\":\"https:\/\/reinox.hr\/#organization\"},\"potentialAction\":[{\"@type\":\"SearchAction\",\"target\":{\"@type\":\"EntryPoint\",\"urlTemplate\":\"https:\/\/reinox.hr\/?s={search_term_string}\"},\"query-input\":{\"@type\":\"PropertyValueSpecification\",\"valueRequired\":true,\"valueName\":\"search_term_string\"}}],\"inLanguage\":\"en-US\"},{\"@type\":\"Organization\",\"@id\":\"https:\/\/reinox.hr\/#organization\",\"name\":\"Reinox d.o.o.\",\"url\":\"https:\/\/reinox.hr\/\",\"logo\":{\"@type\":\"ImageObject\",\"inLanguage\":\"en-US\",\"@id\":\"https:\/\/reinox.hr\/#\/schema\/logo\/image\/\",\"url\":\"https:\/\/reinox.hr\/wp-content\/uploads\/2018\/01\/reinox-logo-veliki.png\",\"contentUrl\":\"https:\/\/reinox.hr\/wp-content\/uploads\/2018\/01\/reinox-logo-veliki.png\",\"width\":355,\"height\":100,\"caption\":\"Reinox d.o.o.\"},\"image\":{\"@id\":\"https:\/\/reinox.hr\/#\/schema\/logo\/image\/\"},\"sameAs\":[\"https:\/\/www.facebook.com\/people\/Reinoxhr\/100057620522338\/\"]}]}<\/script>\n<!-- \/ Yoast SEO plugin. -->","yoast_head_json":{"title":"Industrial equipment - Reinox d.o.o.","description":"The REINOX d.o.o. (Ltd.) company is a proven, high quality, trustworthy deliverer of INOX equipment for industrial plants, domestically and throughout the EU market. REINOX equipment is found in numerous food, chemical and processing industry plants within Croatia and abroad.","robots":{"index":"index","follow":"follow","max-snippet":"max-snippet:-1","max-image-preview":"max-image-preview:large","max-video-preview":"max-video-preview:-1"},"canonical":"https:\/\/reinox.hr\/en\/products\/industrial-equipment\/","og_locale":"en_US","og_type":"article","og_title":"Industrial equipment - Reinox d.o.o.","og_description":"The REINOX d.o.o. (Ltd.) company is a proven, high quality, trustworthy deliverer of INOX equipment for industrial plants, domestically and throughout the EU market. REINOX equipment is found in numerous food, chemical and processing industry plants within Croatia and abroad.","og_url":"https:\/\/reinox.hr\/en\/products\/industrial-equipment\/","og_site_name":"Reinox d.o.o.","article_publisher":"https:\/\/www.facebook.com\/people\/Reinoxhr\/100057620522338\/","article_modified_time":"2018-12-07T07:00:45+00:00","og_image":[{"width":1024,"height":768,"url":"https:\/\/reinox.hr\/wp-content\/uploads\/2018\/01\/Industrijska_oprema_sl.7-1.jpg","type":"image\/jpeg"}],"twitter_card":"summary_large_image","twitter_misc":{"Est. reading time":"2 minutes"},"schema":{"@context":"https:\/\/schema.org","@graph":[{"@type":"WebPage","@id":"https:\/\/reinox.hr\/en\/products\/industrial-equipment\/","url":"https:\/\/reinox.hr\/en\/products\/industrial-equipment\/","name":"Industrial equipment - Reinox d.o.o.","isPartOf":{"@id":"https:\/\/reinox.hr\/#website"},"primaryImageOfPage":{"@id":"https:\/\/reinox.hr\/en\/products\/industrial-equipment\/#primaryimage"},"image":{"@id":"https:\/\/reinox.hr\/en\/products\/industrial-equipment\/#primaryimage"},"thumbnailUrl":"https:\/\/reinox.hr\/wp-content\/uploads\/2018\/01\/Industrijska_oprema_sl.7-1.jpg","datePublished":"2018-01-26T08:49:52+00:00","dateModified":"2018-12-07T07:00:45+00:00","description":"The REINOX d.o.o. (Ltd.) company is a proven, high quality, trustworthy deliverer of INOX equipment for industrial plants, domestically and throughout the EU market. REINOX equipment is found in numerous food, chemical and processing industry plants within Croatia and abroad.","breadcrumb":{"@id":"https:\/\/reinox.hr\/en\/products\/industrial-equipment\/#breadcrumb"},"inLanguage":"en-US","potentialAction":[{"@type":"ReadAction","target":["https:\/\/reinox.hr\/en\/products\/industrial-equipment\/"]}]},{"@type":"ImageObject","inLanguage":"en-US","@id":"https:\/\/reinox.hr\/en\/products\/industrial-equipment\/#primaryimage","url":"https:\/\/reinox.hr\/wp-content\/uploads\/2018\/01\/Industrijska_oprema_sl.7-1.jpg","contentUrl":"https:\/\/reinox.hr\/wp-content\/uploads\/2018\/01\/Industrijska_oprema_sl.7-1.jpg","width":1024,"height":768,"caption":"OLYMPUS DIGITAL CAMERA"},{"@type":"BreadcrumbList","@id":"https:\/\/reinox.hr\/en\/products\/industrial-equipment\/#breadcrumb","itemListElement":[{"@type":"ListItem","position":1,"name":"Startseite","item":"https:\/\/reinox.hr\/en\/home\/"},{"@type":"ListItem","position":2,"name":"Products","item":"https:\/\/reinox.hr\/en\/products\/"},{"@type":"ListItem","position":3,"name":"Industrial equipment"}]},{"@type":"WebSite","@id":"https:\/\/reinox.hr\/#website","url":"https:\/\/reinox.hr\/","name":"Reinox d.o.o.","description":"","publisher":{"@id":"https:\/\/reinox.hr\/#organization"},"potentialAction":[{"@type":"SearchAction","target":{"@type":"EntryPoint","urlTemplate":"https:\/\/reinox.hr\/?s={search_term_string}"},"query-input":{"@type":"PropertyValueSpecification","valueRequired":true,"valueName":"search_term_string"}}],"inLanguage":"en-US"},{"@type":"Organization","@id":"https:\/\/reinox.hr\/#organization","name":"Reinox d.o.o.","url":"https:\/\/reinox.hr\/","logo":{"@type":"ImageObject","inLanguage":"en-US","@id":"https:\/\/reinox.hr\/#\/schema\/logo\/image\/","url":"https:\/\/reinox.hr\/wp-content\/uploads\/2018\/01\/reinox-logo-veliki.png","contentUrl":"https:\/\/reinox.hr\/wp-content\/uploads\/2018\/01\/reinox-logo-veliki.png","width":355,"height":100,"caption":"Reinox d.o.o."},"image":{"@id":"https:\/\/reinox.hr\/#\/schema\/logo\/image\/"},"sameAs":["https:\/\/www.facebook.com\/people\/Reinoxhr\/100057620522338\/"]}]}},"_links":{"self":[{"href":"https:\/\/reinox.hr\/en\/wp-json\/wp\/v2\/pages\/661\/"}],"collection":[{"href":"https:\/\/reinox.hr\/en\/wp-json\/wp\/v2\/pages\/"}],"about":[{"href":"https:\/\/reinox.hr\/en\/wp-json\/wp\/v2\/types\/page\/"}],"author":[{"embeddable":true,"href":"https:\/\/reinox.hr\/en\/wp-json\/wp\/v2\/users\/1\/"}],"replies":[{"embeddable":true,"href":"https:\/\/reinox.hr\/en\/wp-json\/wp\/v2\/comments\/?post=661"}],"version-history":[{"count":0,"href":"https:\/\/reinox.hr\/en\/wp-json\/wp\/v2\/pages\/661\/revisions\/"}],"up":[{"embeddable":true,"href":"https:\/\/reinox.hr\/en\/wp-json\/wp\/v2\/pages\/664\/"}],"wp:featuredmedia":[{"embeddable":true,"href":"https:\/\/reinox.hr\/en\/wp-json\/wp\/v2\/media\/535\/"}],"wp:attachment":[{"href":"https:\/\/reinox.hr\/en\/wp-json\/wp\/v2\/media\/?parent=661"}],"curies":[{"name":"wp","href":"https:\/\/api.w.org\/{rel}","templated":true}]}}