{"id":667,"date":"2018-01-26T10:09:11","date_gmt":"2018-01-26T09:09:11","guid":{"rendered":"http:\/\/reinox.hr\/novi\/products\/inox-pools\/"},"modified":"2018-12-03T13:11:06","modified_gmt":"2018-12-03T12:11:06","slug":"inox-pools","status":"publish","type":"page","link":"https:\/\/reinox.hr\/en\/products\/inox-pools\/","title":{"rendered":"INOX pools"},"content":{"rendered":"<p>[et_pb_section bb_built=&#8221;1&#8243; fullwidth=&#8221;on&#8221; specialty=&#8221;off&#8221;][et_pb_fullwidth_slider show_arrows=&#8221;off&#8221; show_pagination=&#8221;off&#8221; parallax=&#8221;on&#8221; background_position=&#8221;top_left&#8221; background_repeat=&#8221;repeat&#8221; background_size=&#8221;initial&#8221; _builder_version=&#8221;3.0.90&#8243; show_inner_shadow=&#8221;on&#8221; custom_button=&#8221;off&#8221; button_icon_placement=&#8221;right&#8221; show_content_on_mobile=&#8221;on&#8221; show_cta_on_mobile=&#8221;on&#8221; show_image_video_mobile=&#8221;off&#8221;]<\/p>\n<p>\n[et_pb_slide heading=&#8221;INOX pools&#8221; background_image=&#8221;https:\/\/reinox.hr\/wp-content\/uploads\/2018\/03\/home-bg.jpg&#8221; background_color=&#8221;#ffffff&#8221; alignment=&#8221;center&#8221; background_layout=&#8221;dark&#8221; _builder_version=&#8221;3.0.90&#8243; use_background_color_gradient=&#8221;off&#8221; background_color_gradient_start=&#8221;#2b87da&#8221; background_color_gradient_end=&#8221;#29c4a9&#8243; background_color_gradient_type=&#8221;linear&#8221; background_color_gradient_direction=&#8221;180deg&#8221; background_color_gradient_direction_radial=&#8221;center&#8221; background_color_gradient_start_position=&#8221;0%&#8221; background_color_gradient_end_position=&#8221;100%&#8221; background_color_gradient_overlays_image=&#8221;off&#8221; parallax=&#8221;off&#8221; parallax_method=&#8221;on&#8221; background_size=&#8221;cover&#8221; background_position=&#8221;center&#8221; background_repeat=&#8221;no-repeat&#8221; background_blend=&#8221;normal&#8221; allow_player_pause=&#8221;off&#8221; use_bg_overlay=&#8221;off&#8221; use_text_overlay=&#8221;off&#8221; text_border_radius=&#8221;3&#8243;]<\/p>\n<div class=\"breadcrumbs\"><span><span><a href=\"https:\/\/reinox.hr\/en\/home\/\">Startseite<\/a><\/span><\/span><\/div>\n<p>[\/et_pb_slide]<\/p>\n<p>[\/et_pb_fullwidth_slider][\/et_pb_section][et_pb_section bb_built=&#8221;1&#8243; fullwidth=&#8221;off&#8221; specialty=&#8221;off&#8221; inner_shadow=&#8221;off&#8221; parallax=&#8221;off&#8221;][et_pb_row][et_pb_column type=&#8221;1_2&#8243;][et_pb_text background_layout=&#8221;light&#8221; module_alignment=&#8221;left&#8221; _builder_version=&#8221;3.0.90&#8243;]<\/p>\n<h1>INOX pools and pool equipment<\/h1>\n<p>REINOX is the producer of <strong>high-quality INOX pools<\/strong> for personal use, as well as those for larger venues, public baths, health centres and tourist venues.<\/p>\n<p>INOX material means<strong> significant advantages over regularly built pools<\/strong>: adjustability of shape, possibility of installation into already erected structures and spaces in which concrete works can be completely by-passed, high degree of hygiene maintenance with minimal effort, long warranty of 20 years or more, easy installation of water effects, modern design and aesthetic conformance to any location.<\/p>\n<p>All these advantages ensure that INOX pools are taking over the top position in European pool construction.<\/p>\n<p>[\/et_pb_text][\/et_pb_column][et_pb_column type=&#8221;1_2&#8243;][et_pb_gallery _builder_version=&#8221;3.0.90&#8243; show_title_and_caption=&#8221;off&#8221; show_pagination=&#8221;on&#8221; gallery_ids=&#8221;1284,1287,1054,1051,1057,1060,1063,1066,1069,1072,1075,1078,1020,1017,1014,1011,1008,1005&#8243; fullwidth=&#8221;off&#8221; orientation=&#8221;landscape&#8221; zoom_icon_color=&#8221;#2ea3f2&#8243; hover_overlay_color=&#8221;rgba(255,255,255,0.9)&#8221; background_layout=&#8221;light&#8221; pagination_font_size_tablet=&#8221;51&#8243; pagination_line_height_tablet=&#8221;2&#8243; saved_tabs=&#8221;all&#8221; global_module=&#8221;1335&#8243; \/][\/et_pb_column][\/et_pb_row][\/et_pb_section]<\/p>\n","protected":false},"excerpt":{"rendered":"<p>REINOX d.o.o. is the producer of high-quality INOX pools for personal use, as well as those for larger venues, public baths, health centres and tourist venues.<\/p>\n","protected":false},"author":1,"featured_media":629,"parent":664,"menu_order":0,"comment_status":"closed","ping_status":"closed","template":"","meta":{"footnotes":""},"class_list":["post-667","page","type-page","status-publish","has-post-thumbnail","hentry"],"yoast_head":"<!-- This site is optimized with the Yoast SEO plugin v26.4 - https:\/\/yoast.com\/wordpress\/plugins\/seo\/ -->\n<title>INOX bazeni i oprema za bazene - REINOX d.o.o.<\/title>\n<meta name=\"description\" content=\"Prate\u0107i vode\u0107e trendove u gradnji bazena te koriste\u0107i 15-godi\u0161nje iskustvo u obradi INOX materijala tvrtka REINOX d.o.o. razvila je program izrade visokokvalitetnih INOX bazena. INOX bazeni postali su gotovo standard ugradnje u novijim arhitektonskim rje\u0161enjima diljem EU, pa tako i u RH.\" \/>\n<meta name=\"robots\" content=\"index, follow, max-snippet:-1, max-image-preview:large, max-video-preview:-1\" \/>\n<link rel=\"canonical\" href=\"https:\/\/reinox.hr\/en\/products\/inox-pools\/\" \/>\n<meta property=\"og:locale\" content=\"en_US\" \/>\n<meta property=\"og:type\" content=\"article\" \/>\n<meta property=\"og:title\" content=\"INOX bazeni i oprema za bazene - REINOX d.o.o.\" \/>\n<meta property=\"og:description\" content=\"Prate\u0107i vode\u0107e trendove u gradnji bazena te koriste\u0107i 15-godi\u0161nje iskustvo u obradi INOX materijala tvrtka REINOX d.o.o. razvila je program izrade visokokvalitetnih INOX bazena. INOX bazeni postali su gotovo standard ugradnje u novijim arhitektonskim rje\u0161enjima diljem EU, pa tako i u RH.\" \/>\n<meta property=\"og:url\" content=\"https:\/\/reinox.hr\/en\/products\/inox-pools\/\" \/>\n<meta property=\"og:site_name\" content=\"Reinox d.o.o.\" \/>\n<meta property=\"article:publisher\" content=\"https:\/\/www.facebook.com\/people\/Reinoxhr\/100057620522338\/\" \/>\n<meta property=\"article:modified_time\" content=\"2018-12-03T12:11:06+00:00\" \/>\n<meta property=\"og:image\" content=\"https:\/\/reinox.hr\/wp-content\/uploads\/2018\/01\/bazeni-58.jpg\" \/>\n\t<meta property=\"og:image:width\" content=\"800\" \/>\n\t<meta property=\"og:image:height\" content=\"600\" \/>\n\t<meta property=\"og:image:type\" content=\"image\/jpeg\" \/>\n<meta name=\"twitter:card\" content=\"summary_large_image\" \/>\n<meta name=\"twitter:label1\" content=\"Est. reading time\" \/>\n\t<meta name=\"twitter:data1\" content=\"2 minutes\" \/>\n<script type=\"application\/ld+json\" class=\"yoast-schema-graph\">{\"@context\":\"https:\/\/schema.org\",\"@graph\":[{\"@type\":\"WebPage\",\"@id\":\"https:\/\/reinox.hr\/en\/products\/inox-pools\/\",\"url\":\"https:\/\/reinox.hr\/en\/products\/inox-pools\/\",\"name\":\"INOX bazeni i oprema za bazene - REINOX d.o.o.\",\"isPartOf\":{\"@id\":\"https:\/\/reinox.hr\/#website\"},\"primaryImageOfPage\":{\"@id\":\"https:\/\/reinox.hr\/en\/products\/inox-pools\/#primaryimage\"},\"image\":{\"@id\":\"https:\/\/reinox.hr\/en\/products\/inox-pools\/#primaryimage\"},\"thumbnailUrl\":\"https:\/\/reinox.hr\/wp-content\/uploads\/2018\/01\/bazeni-58.jpg\",\"datePublished\":\"2018-01-26T09:09:11+00:00\",\"dateModified\":\"2018-12-03T12:11:06+00:00\",\"description\":\"Prate\u0107i vode\u0107e trendove u gradnji bazena te koriste\u0107i 15-godi\u0161nje iskustvo u obradi INOX materijala tvrtka REINOX d.o.o. razvila je program izrade visokokvalitetnih INOX bazena. INOX bazeni postali su gotovo standard ugradnje u novijim arhitektonskim rje\u0161enjima diljem EU, pa tako i u RH.\",\"breadcrumb\":{\"@id\":\"https:\/\/reinox.hr\/en\/products\/inox-pools\/#breadcrumb\"},\"inLanguage\":\"en-US\",\"potentialAction\":[{\"@type\":\"ReadAction\",\"target\":[\"https:\/\/reinox.hr\/en\/products\/inox-pools\/\"]}]},{\"@type\":\"ImageObject\",\"inLanguage\":\"en-US\",\"@id\":\"https:\/\/reinox.hr\/en\/products\/inox-pools\/#primaryimage\",\"url\":\"https:\/\/reinox.hr\/wp-content\/uploads\/2018\/01\/bazeni-58.jpg\",\"contentUrl\":\"https:\/\/reinox.hr\/wp-content\/uploads\/2018\/01\/bazeni-58.jpg\",\"width\":800,\"height\":600,\"caption\":\"INOX bazen\"},{\"@type\":\"BreadcrumbList\",\"@id\":\"https:\/\/reinox.hr\/en\/products\/inox-pools\/#breadcrumb\",\"itemListElement\":[{\"@type\":\"ListItem\",\"position\":1,\"name\":\"Startseite\",\"item\":\"https:\/\/reinox.hr\/en\/home\/\"},{\"@type\":\"ListItem\",\"position\":2,\"name\":\"Products\",\"item\":\"https:\/\/reinox.hr\/en\/products\/\"},{\"@type\":\"ListItem\",\"position\":3,\"name\":\"INOX pools\"}]},{\"@type\":\"WebSite\",\"@id\":\"https:\/\/reinox.hr\/#website\",\"url\":\"https:\/\/reinox.hr\/\",\"name\":\"Reinox d.o.o.\",\"description\":\"\",\"publisher\":{\"@id\":\"https:\/\/reinox.hr\/#organization\"},\"potentialAction\":[{\"@type\":\"SearchAction\",\"target\":{\"@type\":\"EntryPoint\",\"urlTemplate\":\"https:\/\/reinox.hr\/?s={search_term_string}\"},\"query-input\":{\"@type\":\"PropertyValueSpecification\",\"valueRequired\":true,\"valueName\":\"search_term_string\"}}],\"inLanguage\":\"en-US\"},{\"@type\":\"Organization\",\"@id\":\"https:\/\/reinox.hr\/#organization\",\"name\":\"Reinox d.o.o.\",\"url\":\"https:\/\/reinox.hr\/\",\"logo\":{\"@type\":\"ImageObject\",\"inLanguage\":\"en-US\",\"@id\":\"https:\/\/reinox.hr\/#\/schema\/logo\/image\/\",\"url\":\"https:\/\/reinox.hr\/wp-content\/uploads\/2018\/01\/reinox-logo-veliki.png\",\"contentUrl\":\"https:\/\/reinox.hr\/wp-content\/uploads\/2018\/01\/reinox-logo-veliki.png\",\"width\":355,\"height\":100,\"caption\":\"Reinox d.o.o.\"},\"image\":{\"@id\":\"https:\/\/reinox.hr\/#\/schema\/logo\/image\/\"},\"sameAs\":[\"https:\/\/www.facebook.com\/people\/Reinoxhr\/100057620522338\/\"]}]}<\/script>\n<!-- \/ Yoast SEO plugin. -->","yoast_head_json":{"title":"INOX bazeni i oprema za bazene - REINOX d.o.o.","description":"Prate\u0107i vode\u0107e trendove u gradnji bazena te koriste\u0107i 15-godi\u0161nje iskustvo u obradi INOX materijala tvrtka REINOX d.o.o. razvila je program izrade visokokvalitetnih INOX bazena. INOX bazeni postali su gotovo standard ugradnje u novijim arhitektonskim rje\u0161enjima diljem EU, pa tako i u RH.","robots":{"index":"index","follow":"follow","max-snippet":"max-snippet:-1","max-image-preview":"max-image-preview:large","max-video-preview":"max-video-preview:-1"},"canonical":"https:\/\/reinox.hr\/en\/products\/inox-pools\/","og_locale":"en_US","og_type":"article","og_title":"INOX bazeni i oprema za bazene - REINOX d.o.o.","og_description":"Prate\u0107i vode\u0107e trendove u gradnji bazena te koriste\u0107i 15-godi\u0161nje iskustvo u obradi INOX materijala tvrtka REINOX d.o.o. razvila je program izrade visokokvalitetnih INOX bazena. INOX bazeni postali su gotovo standard ugradnje u novijim arhitektonskim rje\u0161enjima diljem EU, pa tako i u RH.","og_url":"https:\/\/reinox.hr\/en\/products\/inox-pools\/","og_site_name":"Reinox d.o.o.","article_publisher":"https:\/\/www.facebook.com\/people\/Reinoxhr\/100057620522338\/","article_modified_time":"2018-12-03T12:11:06+00:00","og_image":[{"width":800,"height":600,"url":"https:\/\/reinox.hr\/wp-content\/uploads\/2018\/01\/bazeni-58.jpg","type":"image\/jpeg"}],"twitter_card":"summary_large_image","twitter_misc":{"Est. reading time":"2 minutes"},"schema":{"@context":"https:\/\/schema.org","@graph":[{"@type":"WebPage","@id":"https:\/\/reinox.hr\/en\/products\/inox-pools\/","url":"https:\/\/reinox.hr\/en\/products\/inox-pools\/","name":"INOX bazeni i oprema za bazene - REINOX d.o.o.","isPartOf":{"@id":"https:\/\/reinox.hr\/#website"},"primaryImageOfPage":{"@id":"https:\/\/reinox.hr\/en\/products\/inox-pools\/#primaryimage"},"image":{"@id":"https:\/\/reinox.hr\/en\/products\/inox-pools\/#primaryimage"},"thumbnailUrl":"https:\/\/reinox.hr\/wp-content\/uploads\/2018\/01\/bazeni-58.jpg","datePublished":"2018-01-26T09:09:11+00:00","dateModified":"2018-12-03T12:11:06+00:00","description":"Prate\u0107i vode\u0107e trendove u gradnji bazena te koriste\u0107i 15-godi\u0161nje iskustvo u obradi INOX materijala tvrtka REINOX d.o.o. razvila je program izrade visokokvalitetnih INOX bazena. INOX bazeni postali su gotovo standard ugradnje u novijim arhitektonskim rje\u0161enjima diljem EU, pa tako i u RH.","breadcrumb":{"@id":"https:\/\/reinox.hr\/en\/products\/inox-pools\/#breadcrumb"},"inLanguage":"en-US","potentialAction":[{"@type":"ReadAction","target":["https:\/\/reinox.hr\/en\/products\/inox-pools\/"]}]},{"@type":"ImageObject","inLanguage":"en-US","@id":"https:\/\/reinox.hr\/en\/products\/inox-pools\/#primaryimage","url":"https:\/\/reinox.hr\/wp-content\/uploads\/2018\/01\/bazeni-58.jpg","contentUrl":"https:\/\/reinox.hr\/wp-content\/uploads\/2018\/01\/bazeni-58.jpg","width":800,"height":600,"caption":"INOX bazen"},{"@type":"BreadcrumbList","@id":"https:\/\/reinox.hr\/en\/products\/inox-pools\/#breadcrumb","itemListElement":[{"@type":"ListItem","position":1,"name":"Startseite","item":"https:\/\/reinox.hr\/en\/home\/"},{"@type":"ListItem","position":2,"name":"Products","item":"https:\/\/reinox.hr\/en\/products\/"},{"@type":"ListItem","position":3,"name":"INOX pools"}]},{"@type":"WebSite","@id":"https:\/\/reinox.hr\/#website","url":"https:\/\/reinox.hr\/","name":"Reinox d.o.o.","description":"","publisher":{"@id":"https:\/\/reinox.hr\/#organization"},"potentialAction":[{"@type":"SearchAction","target":{"@type":"EntryPoint","urlTemplate":"https:\/\/reinox.hr\/?s={search_term_string}"},"query-input":{"@type":"PropertyValueSpecification","valueRequired":true,"valueName":"search_term_string"}}],"inLanguage":"en-US"},{"@type":"Organization","@id":"https:\/\/reinox.hr\/#organization","name":"Reinox d.o.o.","url":"https:\/\/reinox.hr\/","logo":{"@type":"ImageObject","inLanguage":"en-US","@id":"https:\/\/reinox.hr\/#\/schema\/logo\/image\/","url":"https:\/\/reinox.hr\/wp-content\/uploads\/2018\/01\/reinox-logo-veliki.png","contentUrl":"https:\/\/reinox.hr\/wp-content\/uploads\/2018\/01\/reinox-logo-veliki.png","width":355,"height":100,"caption":"Reinox d.o.o."},"image":{"@id":"https:\/\/reinox.hr\/#\/schema\/logo\/image\/"},"sameAs":["https:\/\/www.facebook.com\/people\/Reinoxhr\/100057620522338\/"]}]}},"_links":{"self":[{"href":"https:\/\/reinox.hr\/en\/wp-json\/wp\/v2\/pages\/667\/"}],"collection":[{"href":"https:\/\/reinox.hr\/en\/wp-json\/wp\/v2\/pages\/"}],"about":[{"href":"https:\/\/reinox.hr\/en\/wp-json\/wp\/v2\/types\/page\/"}],"author":[{"embeddable":true,"href":"https:\/\/reinox.hr\/en\/wp-json\/wp\/v2\/users\/1\/"}],"replies":[{"embeddable":true,"href":"https:\/\/reinox.hr\/en\/wp-json\/wp\/v2\/comments\/?post=667"}],"version-history":[{"count":1,"href":"https:\/\/reinox.hr\/en\/wp-json\/wp\/v2\/pages\/667\/revisions\/"}],"predecessor-version":[{"id":1538,"href":"https:\/\/reinox.hr\/en\/wp-json\/wp\/v2\/pages\/667\/revisions\/1538\/"}],"up":[{"embeddable":true,"href":"https:\/\/reinox.hr\/en\/wp-json\/wp\/v2\/pages\/664\/"}],"wp:featuredmedia":[{"embeddable":true,"href":"https:\/\/reinox.hr\/en\/wp-json\/wp\/v2\/media\/629\/"}],"wp:attachment":[{"href":"https:\/\/reinox.hr\/en\/wp-json\/wp\/v2\/media\/?parent=667"}],"curies":[{"name":"wp","href":"https:\/\/api.w.org\/{rel}","templated":true}]}}