{"id":670,"date":"2018-01-26T10:23:23","date_gmt":"2018-01-26T09:23:23","guid":{"rendered":"http:\/\/reinox.hr\/novi\/contact\/"},"modified":"2019-04-24T14:25:32","modified_gmt":"2019-04-24T12:25:32","slug":"contact","status":"publish","type":"page","link":"https:\/\/reinox.hr\/en\/contact\/","title":{"rendered":"Contact"},"content":{"rendered":"<p>[et_pb_section bb_built=&#8221;1&#8243; fullwidth=&#8221;on&#8221; specialty=&#8221;off&#8221;][et_pb_fullwidth_slider _builder_version=&#8221;3.0.90&#8243; show_arrows=&#8221;off&#8221; show_pagination=&#8221;off&#8221; show_inner_shadow=&#8221;on&#8221; custom_button=&#8221;off&#8221; button_icon_placement=&#8221;right&#8221; show_content_on_mobile=&#8221;on&#8221; show_cta_on_mobile=&#8221;on&#8221; show_image_video_mobile=&#8221;off&#8221;]<\/p>\n<p>[et_pb_slide _builder_version=&#8221;3.0.90&#8243; heading=&#8221;Contact&#8221; use_background_color_gradient=&#8221;off&#8221; background_color_gradient_start=&#8221;#2b87da&#8221; background_color_gradient_end=&#8221;#29c4a9&#8243; background_color_gradient_type=&#8221;linear&#8221; background_color_gradient_direction=&#8221;180deg&#8221; background_color_gradient_direction_radial=&#8221;center&#8221; background_color_gradient_start_position=&#8221;0%&#8221; background_color_gradient_end_position=&#8221;100%&#8221; background_color_gradient_overlays_image=&#8221;off&#8221; parallax=&#8221;off&#8221; parallax_method=&#8221;on&#8221; background_size=&#8221;cover&#8221; background_position=&#8221;center&#8221; background_repeat=&#8221;no-repeat&#8221; background_blend=&#8221;normal&#8221; allow_player_pause=&#8221;off&#8221; use_bg_overlay=&#8221;off&#8221; use_text_overlay=&#8221;off&#8221; text_border_radius=&#8221;3&#8243; alignment=&#8221;center&#8221; background_layout=&#8221;dark&#8221; background_image=&#8221;https:\/\/reinox.hr\/wp-content\/uploads\/2018\/03\/home-bg.jpg&#8221;]<\/p>\n<div class=\"breadcrumbs\"><span><span><a href=\"https:\/\/reinox.hr\/en\/home\/\">Startseite<\/a><\/span><\/span><\/div>\n<p>[\/et_pb_slide]<\/p>\n<p>[\/et_pb_fullwidth_slider][\/et_pb_section][et_pb_section bb_built=&#8221;1&#8243;][et_pb_row][et_pb_column type=&#8221;1_3&#8243;][et_pb_text _builder_version=&#8221;3.0.90&#8243; background_layout=&#8221;light&#8221;]<\/p>\n<p>&nbsp;<\/p>\n<h3>INFORMATION<\/h3>\n<p><i class=\"fa fa-map-marker\" style=\"padding-right: 15px;\"><\/i> <strong>Address:<\/strong> Brezje 81A, 40000 Cakovec, Croatia<\/p>\n<p><i class=\"fa fa-envelope-o\" style=\"padding-right: 15px;\"><\/i><strong>Email address:<\/strong> <a href=\"&#x6d;&#x61;&#x69;&#x6c;&#x74;&#x6f;&#58;&#105;&#110;&#102;o&#64;re&#x69;&#x6f;&#x6e;&#x78;&#x2e;&#x68;&#114;\">&#105;&#x6e;&#102;&#x6f;&#64;&#x72;e&#105;&#x6e;&#111;&#x78;&#46;&#x68;r<\/a><\/p>\n<p><i class=\"fa fa-phone\" style=\"padding-right: 15px;\"><\/i> <strong>Phone:<\/strong><a href=\"tel:+38540855845\">+385 (0)40 855 845<\/a><\/p>\n<p><i class=\"fa fa-fax\" style=\"padding-right: 15px;\"><\/i> <strong>Fax:<\/strong> +385 (0)40 856 141<\/p>\n<p><strong>OIB:<\/strong> 05223002232<\/p>\n<p>[\/et_pb_text][\/et_pb_column][et_pb_column type=&#8221;2_3&#8243;][et_pb_contact_form _builder_version=&#8221;3.0.90&#8243; submit_button_text=&#8221;Po\u0161alji&#8221; captcha=&#8221;on&#8221; use_redirect=&#8221;off&#8221; custom_button=&#8221;off&#8221; button_icon_placement=&#8221;right&#8221; module_class=&#8221;.bideja&#8211;border-left&#8221; email=&#8221;&#114;&#x65;i&#x6e;&#x6f;&#120;&#x40;r&#x65;&#x69;&#110;&#x6f;x&#x2e;&#x68;&#114;&#8221;]<\/p>\n<p>[et_pb_contact_field field_title=&#8221;Name&#8221; field_type=&#8221;input&#8221; field_id=&#8221;Name&#8221; required_mark=&#8221;on&#8221; fullwidth_field=&#8221;off&#8221; _builder_version=&#8221;3.0.90&#8243; checkbox_checked=&#8221;off&#8221; checkbox_options=&#8221;%91{%22value%22:%22Name%22,%22checked%22:0}%93&#8243; radio_options=&#8221;%91{%22value%22:%22Name%22,%22checked%22:0}%93&#8243; select_options=&#8221;%91{%22value%22:%22Name%22,%22checked%22:0}%93&#8243; min_length=&#8221;0&#8243; max_length=&#8221;0&#8243; allowed_symbols=&#8221;all&#8221; conditional_logic=&#8221;off&#8221; conditional_logic_relation=&#8221;off&#8221; conditional_logic_rules=&#8221;%91{%22field%22:%22email%22,%22condition%22:%22is%22,%22value%22:%22%22}%93&#8243; use_background_color_gradient=&#8221;off&#8221; background_color_gradient_start=&#8221;#2b87da&#8221; background_color_gradient_end=&#8221;#29c4a9&#8243; background_color_gradient_type=&#8221;linear&#8221; background_color_gradient_direction=&#8221;180deg&#8221; background_color_gradient_direction_radial=&#8221;center&#8221; background_color_gradient_start_position=&#8221;0%&#8221; background_color_gradient_end_position=&#8221;100%&#8221; background_color_gradient_overlays_image=&#8221;off&#8221; parallax=&#8221;off&#8221; parallax_method=&#8221;on&#8221; background_size=&#8221;cover&#8221; background_position=&#8221;center&#8221; background_repeat=&#8221;no-repeat&#8221; background_blend=&#8221;normal&#8221; allow_player_pause=&#8221;off&#8221; \/][et_pb_contact_field field_title=&#8221;Email address&#8221; field_type=&#8221;email&#8221; field_id=&#8221;Email&#8221; required_mark=&#8221;on&#8221; fullwidth_field=&#8221;off&#8221; _builder_version=&#8221;3.0.90&#8243; checkbox_checked=&#8221;off&#8221; checkbox_options=&#8221;%91{%22value%22:%22Email Address%22,%22checked%22:0}%93&#8243; radio_options=&#8221;%91{%22value%22:%22Email Address%22,%22checked%22:0}%93&#8243; select_options=&#8221;%91{%22value%22:%22Email Address%22,%22checked%22:0}%93&#8243; min_length=&#8221;0&#8243; max_length=&#8221;0&#8243; allowed_symbols=&#8221;all&#8221; conditional_logic=&#8221;off&#8221; conditional_logic_relation=&#8221;off&#8221; conditional_logic_rules=&#8221;%91{%22field%22:%22name%22,%22condition%22:%22is%22,%22value%22:%22%22}%93&#8243; use_background_color_gradient=&#8221;off&#8221; background_color_gradient_start=&#8221;#2b87da&#8221; background_color_gradient_end=&#8221;#29c4a9&#8243; background_color_gradient_type=&#8221;linear&#8221; background_color_gradient_direction=&#8221;180deg&#8221; background_color_gradient_direction_radial=&#8221;center&#8221; background_color_gradient_start_position=&#8221;0%&#8221; background_color_gradient_end_position=&#8221;100%&#8221; background_color_gradient_overlays_image=&#8221;off&#8221; parallax=&#8221;off&#8221; parallax_method=&#8221;on&#8221; background_size=&#8221;cover&#8221; background_position=&#8221;center&#8221; background_repeat=&#8221;no-repeat&#8221; background_blend=&#8221;normal&#8221; allow_player_pause=&#8221;off&#8221; \/][et_pb_contact_field field_title=&#8221;Message&#8221; field_type=&#8221;text&#8221; field_id=&#8221;Message&#8221; required_mark=&#8221;on&#8221; fullwidth_field=&#8221;on&#8221; _builder_version=&#8221;3.0.90&#8243; checkbox_checked=&#8221;off&#8221; checkbox_options=&#8221;%91{%22value%22:%22Message%22,%22checked%22:0}%93&#8243; radio_options=&#8221;%91{%22value%22:%22Message%22,%22checked%22:0}%93&#8243; select_options=&#8221;%91{%22value%22:%22Message%22,%22checked%22:0}%93&#8243; min_length=&#8221;0&#8243; max_length=&#8221;0&#8243; allowed_symbols=&#8221;all&#8221; conditional_logic=&#8221;off&#8221; conditional_logic_relation=&#8221;off&#8221; conditional_logic_rules=&#8221;%91{%22field%22:%22name%22,%22condition%22:%22is%22,%22value%22:%22%22}%93&#8243; use_background_color_gradient=&#8221;off&#8221; background_color_gradient_start=&#8221;#2b87da&#8221; background_color_gradient_end=&#8221;#29c4a9&#8243; background_color_gradient_type=&#8221;linear&#8221; background_color_gradient_direction=&#8221;180deg&#8221; background_color_gradient_direction_radial=&#8221;center&#8221; background_color_gradient_start_position=&#8221;0%&#8221; background_color_gradient_end_position=&#8221;100%&#8221; background_color_gradient_overlays_image=&#8221;off&#8221; parallax=&#8221;off&#8221; parallax_method=&#8221;on&#8221; background_size=&#8221;cover&#8221; background_position=&#8221;center&#8221; background_repeat=&#8221;no-repeat&#8221; background_blend=&#8221;normal&#8221; allow_player_pause=&#8221;off&#8221; \/]<\/p>\n<p>[\/et_pb_contact_form][\/et_pb_column][\/et_pb_row][\/et_pb_section][et_pb_section bb_built=&#8221;1&#8243; fullwidth=&#8221;on&#8221; specialty=&#8221;off&#8221;][et_pb_fullwidth_code _builder_version=&#8221;3.0.90&#8243;]\n\t<div id=\"google-karta-fancy\"><\/div>\n\n\t[\/et_pb_fullwidth_code][\/et_pb_section]<\/p>\n","protected":false},"excerpt":{"rendered":"<p>[et_pb_section bb_built=&#8221;1&#8243; fullwidth=&#8221;on&#8221; specialty=&#8221;off&#8221;][et_pb_fullwidth_slider _builder_version=&#8221;3.0.90&#8243; show_arrows=&#8221;off&#8221; show_pagination=&#8221;off&#8221; show_inner_shadow=&#8221;on&#8221; custom_button=&#8221;off&#8221; button_icon_placement=&#8221;right&#8221; show_content_on_mobile=&#8221;on&#8221; show_cta_on_mobile=&#8221;on&#8221; show_image_video_mobile=&#8221;off&#8221;] [et_pb_slide _builder_version=&#8221;3.0.90&#8243; heading=&#8221;Contact&#8221; use_background_color_gradient=&#8221;off&#8221; background_color_gradient_start=&#8221;#2b87da&#8221; background_color_gradient_end=&#8221;#29c4a9&#8243; background_color_gradient_type=&#8221;linear&#8221; background_color_gradient_direction=&#8221;180deg&#8221; background_color_gradient_direction_radial=&#8221;center&#8221; background_color_gradient_start_position=&#8221;0%&#8221; background_color_gradient_end_position=&#8221;100%&#8221; background_color_gradient_overlays_image=&#8221;off&#8221; parallax=&#8221;off&#8221; parallax_method=&#8221;on&#8221; background_size=&#8221;cover&#8221; background_position=&#8221;center&#8221; background_repeat=&#8221;no-repeat&#8221; background_blend=&#8221;normal&#8221; allow_player_pause=&#8221;off&#8221; use_bg_overlay=&#8221;off&#8221; use_text_overlay=&#8221;off&#8221; text_border_radius=&#8221;3&#8243; alignment=&#8221;center&#8221; background_layout=&#8221;dark&#8221; background_image=&#8221;https:\/\/reinox.hr\/wp-content\/uploads\/2018\/03\/home-bg.jpg&#8221;] [\/et_pb_slide] [\/et_pb_fullwidth_slider][\/et_pb_section][et_pb_section bb_built=&#8221;1&#8243;][et_pb_row][et_pb_column type=&#8221;1_3&#8243;][et_pb_text _builder_version=&#8221;3.0.90&#8243; background_layout=&#8221;light&#8221;] &nbsp; INFORMATION Address: Brezje 81A, 40000 Cakovec, Croatia Email address: inf&#111;&#64;&#114;&#x65;&#x69;&#x6e;&#x6f;&#x78;&#x2e;hr [&hellip;]<\/p>\n","protected":false},"author":1,"featured_media":0,"parent":0,"menu_order":0,"comment_status":"closed","ping_status":"closed","template":"","meta":{"footnotes":""},"class_list":["post-670","page","type-page","status-publish","hentry"],"yoast_head":"<!-- This site is optimized with the Yoast SEO plugin v26.4 - https:\/\/yoast.com\/wordpress\/plugins\/seo\/ -->\n<title>Kontakt - REINOX d.o.o.<\/title>\n<meta name=\"description\" content=\"Ukoliko imate upite vezane uz izradu p\u010delarskih ko\u0161nica ili izradu namje\u0161taja po mjeri slobodno nas kontaktirajte.\" \/>\n<meta name=\"robots\" content=\"index, follow, max-snippet:-1, max-image-preview:large, max-video-preview:-1\" \/>\n<link rel=\"canonical\" href=\"https:\/\/reinox.hr\/en\/contact\/\" \/>\n<meta property=\"og:locale\" content=\"en_US\" \/>\n<meta property=\"og:type\" content=\"article\" \/>\n<meta property=\"og:title\" content=\"Kontakt - REINOX d.o.o.\" \/>\n<meta property=\"og:description\" content=\"Ukoliko imate upite vezane uz izradu p\u010delarskih ko\u0161nica ili izradu namje\u0161taja po mjeri slobodno nas kontaktirajte.\" \/>\n<meta property=\"og:url\" content=\"https:\/\/reinox.hr\/en\/contact\/\" \/>\n<meta property=\"og:site_name\" content=\"Reinox d.o.o.\" \/>\n<meta property=\"article:publisher\" content=\"https:\/\/www.facebook.com\/people\/Reinoxhr\/100057620522338\/\" \/>\n<meta property=\"article:modified_time\" content=\"2019-04-24T12:25:32+00:00\" \/>\n<meta name=\"twitter:card\" content=\"summary_large_image\" \/>\n<meta name=\"twitter:label1\" content=\"Est. reading time\" \/>\n\t<meta name=\"twitter:data1\" content=\"3 minutes\" \/>\n<script type=\"application\/ld+json\" class=\"yoast-schema-graph\">{\"@context\":\"https:\/\/schema.org\",\"@graph\":[{\"@type\":\"WebPage\",\"@id\":\"https:\/\/reinox.hr\/en\/contact\/\",\"url\":\"https:\/\/reinox.hr\/en\/contact\/\",\"name\":\"Kontakt - REINOX d.o.o.\",\"isPartOf\":{\"@id\":\"https:\/\/reinox.hr\/#website\"},\"datePublished\":\"2018-01-26T09:23:23+00:00\",\"dateModified\":\"2019-04-24T12:25:32+00:00\",\"description\":\"Ukoliko imate upite vezane uz izradu p\u010delarskih ko\u0161nica ili izradu namje\u0161taja po mjeri slobodno nas kontaktirajte.\",\"breadcrumb\":{\"@id\":\"https:\/\/reinox.hr\/en\/contact\/#breadcrumb\"},\"inLanguage\":\"en-US\",\"potentialAction\":[{\"@type\":\"ReadAction\",\"target\":[\"https:\/\/reinox.hr\/en\/contact\/\"]}]},{\"@type\":\"BreadcrumbList\",\"@id\":\"https:\/\/reinox.hr\/en\/contact\/#breadcrumb\",\"itemListElement\":[{\"@type\":\"ListItem\",\"position\":1,\"name\":\"Startseite\",\"item\":\"https:\/\/reinox.hr\/en\/home\/\"},{\"@type\":\"ListItem\",\"position\":2,\"name\":\"Contact\"}]},{\"@type\":\"WebSite\",\"@id\":\"https:\/\/reinox.hr\/#website\",\"url\":\"https:\/\/reinox.hr\/\",\"name\":\"Reinox d.o.o.\",\"description\":\"\",\"publisher\":{\"@id\":\"https:\/\/reinox.hr\/#organization\"},\"potentialAction\":[{\"@type\":\"SearchAction\",\"target\":{\"@type\":\"EntryPoint\",\"urlTemplate\":\"https:\/\/reinox.hr\/?s={search_term_string}\"},\"query-input\":{\"@type\":\"PropertyValueSpecification\",\"valueRequired\":true,\"valueName\":\"search_term_string\"}}],\"inLanguage\":\"en-US\"},{\"@type\":\"Organization\",\"@id\":\"https:\/\/reinox.hr\/#organization\",\"name\":\"Reinox d.o.o.\",\"url\":\"https:\/\/reinox.hr\/\",\"logo\":{\"@type\":\"ImageObject\",\"inLanguage\":\"en-US\",\"@id\":\"https:\/\/reinox.hr\/#\/schema\/logo\/image\/\",\"url\":\"https:\/\/reinox.hr\/wp-content\/uploads\/2018\/01\/reinox-logo-veliki.png\",\"contentUrl\":\"https:\/\/reinox.hr\/wp-content\/uploads\/2018\/01\/reinox-logo-veliki.png\",\"width\":355,\"height\":100,\"caption\":\"Reinox d.o.o.\"},\"image\":{\"@id\":\"https:\/\/reinox.hr\/#\/schema\/logo\/image\/\"},\"sameAs\":[\"https:\/\/www.facebook.com\/people\/Reinoxhr\/100057620522338\/\"]}]}<\/script>\n<!-- \/ Yoast SEO plugin. -->","yoast_head_json":{"title":"Kontakt - REINOX d.o.o.","description":"Ukoliko imate upite vezane uz izradu p\u010delarskih ko\u0161nica ili izradu namje\u0161taja po mjeri slobodno nas kontaktirajte.","robots":{"index":"index","follow":"follow","max-snippet":"max-snippet:-1","max-image-preview":"max-image-preview:large","max-video-preview":"max-video-preview:-1"},"canonical":"https:\/\/reinox.hr\/en\/contact\/","og_locale":"en_US","og_type":"article","og_title":"Kontakt - REINOX d.o.o.","og_description":"Ukoliko imate upite vezane uz izradu p\u010delarskih ko\u0161nica ili izradu namje\u0161taja po mjeri slobodno nas kontaktirajte.","og_url":"https:\/\/reinox.hr\/en\/contact\/","og_site_name":"Reinox d.o.o.","article_publisher":"https:\/\/www.facebook.com\/people\/Reinoxhr\/100057620522338\/","article_modified_time":"2019-04-24T12:25:32+00:00","twitter_card":"summary_large_image","twitter_misc":{"Est. reading time":"3 minutes"},"schema":{"@context":"https:\/\/schema.org","@graph":[{"@type":"WebPage","@id":"https:\/\/reinox.hr\/en\/contact\/","url":"https:\/\/reinox.hr\/en\/contact\/","name":"Kontakt - REINOX d.o.o.","isPartOf":{"@id":"https:\/\/reinox.hr\/#website"},"datePublished":"2018-01-26T09:23:23+00:00","dateModified":"2019-04-24T12:25:32+00:00","description":"Ukoliko imate upite vezane uz izradu p\u010delarskih ko\u0161nica ili izradu namje\u0161taja po mjeri slobodno nas kontaktirajte.","breadcrumb":{"@id":"https:\/\/reinox.hr\/en\/contact\/#breadcrumb"},"inLanguage":"en-US","potentialAction":[{"@type":"ReadAction","target":["https:\/\/reinox.hr\/en\/contact\/"]}]},{"@type":"BreadcrumbList","@id":"https:\/\/reinox.hr\/en\/contact\/#breadcrumb","itemListElement":[{"@type":"ListItem","position":1,"name":"Startseite","item":"https:\/\/reinox.hr\/en\/home\/"},{"@type":"ListItem","position":2,"name":"Contact"}]},{"@type":"WebSite","@id":"https:\/\/reinox.hr\/#website","url":"https:\/\/reinox.hr\/","name":"Reinox d.o.o.","description":"","publisher":{"@id":"https:\/\/reinox.hr\/#organization"},"potentialAction":[{"@type":"SearchAction","target":{"@type":"EntryPoint","urlTemplate":"https:\/\/reinox.hr\/?s={search_term_string}"},"query-input":{"@type":"PropertyValueSpecification","valueRequired":true,"valueName":"search_term_string"}}],"inLanguage":"en-US"},{"@type":"Organization","@id":"https:\/\/reinox.hr\/#organization","name":"Reinox d.o.o.","url":"https:\/\/reinox.hr\/","logo":{"@type":"ImageObject","inLanguage":"en-US","@id":"https:\/\/reinox.hr\/#\/schema\/logo\/image\/","url":"https:\/\/reinox.hr\/wp-content\/uploads\/2018\/01\/reinox-logo-veliki.png","contentUrl":"https:\/\/reinox.hr\/wp-content\/uploads\/2018\/01\/reinox-logo-veliki.png","width":355,"height":100,"caption":"Reinox d.o.o."},"image":{"@id":"https:\/\/reinox.hr\/#\/schema\/logo\/image\/"},"sameAs":["https:\/\/www.facebook.com\/people\/Reinoxhr\/100057620522338\/"]}]}},"_links":{"self":[{"href":"https:\/\/reinox.hr\/en\/wp-json\/wp\/v2\/pages\/670\/"}],"collection":[{"href":"https:\/\/reinox.hr\/en\/wp-json\/wp\/v2\/pages\/"}],"about":[{"href":"https:\/\/reinox.hr\/en\/wp-json\/wp\/v2\/types\/page\/"}],"author":[{"embeddable":true,"href":"https:\/\/reinox.hr\/en\/wp-json\/wp\/v2\/users\/1\/"}],"replies":[{"embeddable":true,"href":"https:\/\/reinox.hr\/en\/wp-json\/wp\/v2\/comments\/?post=670"}],"version-history":[{"count":1,"href":"https:\/\/reinox.hr\/en\/wp-json\/wp\/v2\/pages\/670\/revisions\/"}],"predecessor-version":[{"id":1494,"href":"https:\/\/reinox.hr\/en\/wp-json\/wp\/v2\/pages\/670\/revisions\/1494\/"}],"wp:attachment":[{"href":"https:\/\/reinox.hr\/en\/wp-json\/wp\/v2\/media\/?parent=670"}],"curies":[{"name":"wp","href":"https:\/\/api.w.org\/{rel}","templated":true}]}}